{"id":10377,"date":"2021-08-04T13:43:20","date_gmt":"2021-08-04T12:43:20","guid":{"rendered":"http:\/\/yogaandco.fr\/site\/?page_id=10377"},"modified":"2026-04-09T18:21:30","modified_gmt":"2026-04-09T17:21:30","slug":"planningetreservation","status":"publish","type":"page","link":"https:\/\/yogaandco.fr\/site\/planningetreservation\/","title":{"rendered":"planning et r\u00e9servation"},"content":{"rendered":"<p>[vc_row css=\u00a0\u00bb.vc_custom_1690977031192{margin-top: 30px !important;padding-top: 30px !important;}\u00a0\u00bb][vc_column width=\u00a0\u00bb1\/2&Prime;][vc_column_text]<\/p>\n<div class=\"wp-block-column\">\n<h1>LE PLANNING<\/h1>\n<\/div>\n<p>[\/vc_column_text][\/vc_column][vc_column width=\u00a0\u00bb1\/2&Prime;][vc_column_text]Les r\u00e9servations se font directement en ligne !<br \/>\nLes inscriptions ne se font pas par t\u00e9l\u00e9phone.[\/vc_column_text][vc_btn title=\u00a0\u00bbT\u00e9l\u00e9charger le planning en PDF\u00a0\u00bb style=\u00a0\u00bboutline-custom\u00a0\u00bb outline_custom_color=\u00a0\u00bb#2a504d\u00a0\u00bb outline_custom_hover_background=\u00a0\u00bb#2a504d\u00a0\u00bb outline_custom_hover_text=\u00a0\u00bb#ffffff\u00a0\u00bb shape=\u00a0\u00bbsquare\u00a0\u00bb size=\u00a0\u00bbsm\u00a0\u00bb link=\u00a0\u00bburl:https%3A%2F%2Fyogaandco.fr%2Fsite%2Fwp-content%2Fuploads%2F2026%2F04%2FTELECHARGEZ-LE-PLANNING-DU-CENTRE.pdf|target:_blank\u00a0\u00bb][vc_btn title=\u00a0\u00bbConsulter notre FAQ\u00a0\u00bb style=\u00a0\u00bboutline-custom\u00a0\u00bb outline_custom_color=\u00a0\u00bb#2a504d\u00a0\u00bb outline_custom_hover_background=\u00a0\u00bb#2a504d\u00a0\u00bb outline_custom_hover_text=\u00a0\u00bb#ffffff\u00a0\u00bb shape=\u00a0\u00bbsquare\u00a0\u00bb size=\u00a0\u00bbsm\u00a0\u00bb link=\u00a0\u00bburl:https%3A%2F%2Fyogaandco.fr%2Fsite%2Fpremiere-fois%2F|title:PREMIERE%20FOIS%20%3F|target:_blank\u00a0\u00bb][vc_btn title=\u00a0\u00bbVoir le tuto pour r\u00e9server ou annuler\u00a0\u00bb style=\u00a0\u00bboutline-custom\u00a0\u00bb outline_custom_color=\u00a0\u00bb#2a504d\u00a0\u00bb outline_custom_hover_background=\u00a0\u00bb#2a504d\u00a0\u00bb outline_custom_hover_text=\u00a0\u00bb#ffffff\u00a0\u00bb shape=\u00a0\u00bbsquare\u00a0\u00bb size=\u00a0\u00bblg\u00a0\u00bb link=\u00a0\u00bburl:https%3A%2F%2Fintercom.help%2Fbsport-helpcenter%2Ffr%2Farticles%2F4149489-gerer-mes-reservations-depuis-mon-compte-membre-eleve|target:_blank\u00a0\u00bb][\/vc_column][\/vc_row][vc_row][vc_column][vc_raw_html]JTNDc2NyaXB0JTIwaWQlM0QlMjJpbnNlcnQtYnNwb3J0LXdpZGdldC1jZG4lMjIlM0UlMjFmdW5jdGlvbiUyMCUyOGIlMkMlMjBzJTJDJTIwcCUyQyUyMG8lMkMlMjByJTJDJTIwdCUyOSUyMCU3QiUyMCUyMXR5cGVvZiUyMHdpbmRvdy5Cc3BvcnRXaWRnZXQlMjAlMjElM0QlM0QlMjAlMjJ1bmRlZmluZWQlMjIlMjAlMjYlMjYlMjAlMjFkb2N1bWVudC5nZXRFbGVtZW50QnlJZCUyOCUyMmJzcG9ydC13aWRnZXQtY2RuJTIyJTI5JTIwJTI2JTI2JTIwJTIxZnVuY3Rpb24lMjAlMjglMjklMjAlN0IlMjBtJTIwJTNEJTIwYi5jcmVhdGVFbGVtZW50JTI4cyUyOSUyQyUyMG0uaWQlMjAlM0QlMjAlMjJic3BvcnQtd2lkZ2V0LWNkbiUyMiUyQyUyMG0uc3JjJTIwJTNEJTIwcCUyQyUyMGIuZ2V0RWxlbWVudHNCeVRhZ05hbWUlMjglMjJoZWFkJTIyJTI5JTVCMCU1RC5hcHBlbmRDaGlsZCUyOG0lMjklMjAlN0QlMjglMjklMjAlN0QlMjhkb2N1bWVudCUyQyUyMCUyMnNjcmlwdCUyMiUyQyUyMCUyMmh0dHBzJTNBJTJGJTJGY2RuLmJzcG9ydC5pbyUyRnNjcmlwdHMlMkZ3aWRnZXQuanMlMjIlMjklM0MlMkZzY3JpcHQlM0UlMEElMjAlMjAlMjAlMjAlM0NzY3JpcHQlMjBpZCUzRCUyMmJzcG9ydC13aWRnZXQtbW91bnQlMjIlM0UlMEElMjAlMjAlMjAlMjAlMjAlMjAlMjAlMjBmdW5jdGlvbiUyME1vdW50QnNwb3J0V2lkZ2V0JTI4Y29uZmlnJTJDJTIwcmVwZWF0JTNEMSUyOSUyMCU3QiUwQSUyMCUyMCUyMCUyMCUyMCUyMCUyMCUyMCUyMCUyMCUyMCUyMGlmJTIwJTI4cmVwZWF0JTIwJTNFJTIwNTAlMjklMjAlN0IlMjByZXR1cm4lMjAlN0QlMEElMjAlMjAlMjAlMjAlMjAlMjAlMjAlMjAlMjAlMjAlMjAlMjBpZiUyMCUyOCUyMXdpbmRvdy5Cc3BvcnRXaWRnZXQlMjklMjAlN0IlMEElMjAlMjAlMjAlMjAlMjAlMjAlMjAlMjAlMjAlMjAlMjAlMjAlMjAlMjAlMjAlMjByZXR1cm4lMjBzZXRUaW1lb3V0JTI4JTI4JTI5JTIwJTNEJTNFJTIwJTdCJTBBJTIwJTIwJTIwJTIwJTIwJTIwJTIwJTIwJTIwJTIwJTIwJTIwJTIwJTIwJTIwJTIwJTIwJTIwJTIwJTIwTW91bnRCc3BvcnRXaWRnZXQlMjhjb25maWclMkNyZXBlYXQlMkIxJTI5JTBBJTIwJTIwJTIwJTIwJTIwJTIwJTIwJTIwJTIwJTIwJTIwJTIwJTIwJTIwJTIwJTIwJTdEJTJDJTIwMTAwJTIwJTJBJTIwcmVwZWF0JTIwJTdDJTdDJTIwMSUyOSUwQSUyMCUyMCUyMCUyMCUyMCUyMCUyMCUyMCUyMCUyMCUyMCUyMCU3RCUwQSUyMCUyMCUyMCUyMCUyMCUyMCUyMCUyMCUyMCUyMCUyMCUyMEJzcG9ydFdpZGdldC5tb3VudCUyOGNvbmZpZyUyOSUwQSUyMCUyMCUyMCUyMCUyMCUyMCUyMCUyMCU3RCUwQSUyMCUyMCUyMCUyMCUzQyUyRnNjcmlwdCUzRSUwQSUyMCUyMCUyMCUyMCUzQ3NjcmlwdCUzRSUwQSUyMCUyMCUyMCUyMCUyMCUyMCUyMCUyME1vdW50QnNwb3J0V2lkZ2V0JTI4JTdCJTBBJTIwJTIwJTIwJTIwJTIwJTIwJTIwJTIwJTIwJTIwJTIwJTIwJTIwJTIwJTIwJTIwJTIycGFyZW50RWxlbWVudCUyMiUzQSUyMCUyMmJzcG9ydC13aWRnZXQtNjMwNjUyJTIyJTJDJTBBJTIwJTIwJTIwJTIwJTIwJTIwJTIwJTIwJTIwJTIwJTIwJTIwJTIwJTIwJTIwJTIwJTIyY29tcGFueUlkJTIyJTNBJTIwNDI1JTJDJTBBJTIwJTIwJTIwJTIwJTIwJTIwJTIwJTIwJTIwJTIwJTIwJTIwJTIwJTIwJTIwJTIwJTIyZnJhbmNoaXNlSWQlMjIlM0ElMjBudWxsJTJDJTBBJTIwJTIwJTIwJTIwJTIwJTIwJTIwJTIwJTIwJTIwJTIwJTIwJTIwJTIwJTIwJTIwJTIyZGlhbG9nTW9kZSUyMiUzQSUyMDElMkMlMEElMjAlMjAlMjAlMjAlMjAlMjAlMjAlMjAlMjAlMjAlMjAlMjAlMjAlMjAlMjAlMjAlMjJ3aWRnZXRUeXBlJTIyJTNBJTIwJTIyY2FsZW5kYXIlMjIlMkMlMjAlMEElMjAlMjAlMjAlMjAlMjAlMjAlMjAlMjAlMjAlMjAlMjAlMjAlMjAlMjAlMjAlMjAlMjJzaG93RmFiJTIyJTNBJTIwZmFsc2UlMkMlMEElMjAlMjAlMjAlMjAlMjAlMjAlMjAlMjAlMjAlMjAlMjAlMjAlMjAlMjAlMjAlMjAlMjJmdWxsU2NyZWVuUG9wdXAlMjIlM0ElMjBmYWxzZSUyQyUwQSUyMCUyMCUyMCUyMCUyMCUyMCUyMCUyMCUyMCUyMCUyMCUyMCUyMCUyMCUyMCUyMCUyMnN0eWxlcyUyMiUzQXVuZGVmaW5lZCUyQyUwQSUyMCUyMCUyMCUyMCUyMCUyMCUyMCUyMCUyMCUyMCUyMCUyMCUyMCUyMCUyMCUyMCUyMmNvbmZpZyUyMiUzQSUyMCU3QiUwQSUyMCUyMCUyMCUyMCUyMCUyMCUyMCUyMCUyMCUyMCUyMCUyMCUyMCUyMCUyMCUyMCUyMCUyMCUyMCUyMCUyMmNhbGVuZGFyJTIyJTNBJTIwJTdCJTdEJTBBJTIwJTIwJTIwJTIwJTIwJTIwJTIwJTIwJTIwJTIwJTIwJTIwJTIwJTIwJTIwJTIwJTdEJTIwJTIwJTBBJTIwJTIwJTIwJTIwJTIwJTIwJTIwJTIwJTIwJTIwJTIwJTIwJTdEJTI5JTBBJTIwJTIwJTIwJTIwJTNDJTJGc2NyaXB0JTNFJTBBJTNDZGl2JTNFJTNDZGl2JTIwaWQlM0QlMjJic3BvcnQtd2lkZ2V0LTYzMDY1MiUyMiUyRiUzRSUzQyUyRmRpdiUzRSUwQSUzQ2RpdiUzRSUzQ2RpdiUyMGlkJTNEJTIyYnNwb3J0LXdpZGdldC03NjQ2ODAlMjIlMkYlM0UlM0MlMkZkaXYlM0U=[\/vc_raw_html][\/vc_column][\/vc_row]<\/p>\n","protected":false},"excerpt":{"rendered":"<p>[vc_row css=\u00a0\u00bb.vc_custom_1690977031192{margin-top: 30px !important;padding-top: 30px !important;}\u00a0\u00bb][vc_column width=\u00a0\u00bb1\/2&Prime;][vc_column_text] LE PLANNING [\/vc_column_text][\/vc_column][vc_column width=\u00a0\u00bb1\/2&Prime;][vc_column_text]Les r\u00e9servations se font directement en ligne ! Les inscriptions ne se font pas par t\u00e9l\u00e9phone.[\/vc_column_text][vc_btn title=\u00a0\u00bbT\u00e9l\u00e9charger le planning en PDF\u00a0\u00bb style=\u00a0\u00bboutline-custom\u00a0\u00bb outline_custom_color=\u00a0\u00bb#2a504d\u00a0\u00bb outline_custom_hover_background=\u00a0\u00bb#2a504d\u00a0\u00bb outline_custom_hover_text=\u00a0\u00bb#ffffff\u00a0\u00bb shape=\u00a0\u00bbsquare\u00a0\u00bb size=\u00a0\u00bbsm\u00a0\u00bb link=\u00a0\u00bburl:https%3A%2F%2Fyogaandco.fr%2Fsite%2Fwp-content%2Fuploads%2F2026%2F04%2FTELECHARGEZ-LE-PLANNING-DU-CENTRE.pdf|target:_blank\u00a0\u00bb][vc_btn title=\u00a0\u00bbConsulter notre FAQ\u00a0\u00bb style=\u00a0\u00bboutline-custom\u00a0\u00bb outline_custom_color=\u00a0\u00bb#2a504d\u00a0\u00bb outline_custom_hover_background=\u00a0\u00bb#2a504d\u00a0\u00bb outline_custom_hover_text=\u00a0\u00bb#ffffff\u00a0\u00bb shape=\u00a0\u00bbsquare\u00a0\u00bb size=\u00a0\u00bbsm\u00a0\u00bb link=\u00a0\u00bburl:https%3A%2F%2Fyogaandco.fr%2Fsite%2Fpremiere-fois%2F|title:PREMIERE%20FOIS%20%3F|target:_blank\u00a0\u00bb][vc_btn title=\u00a0\u00bbVoir le tuto pour r\u00e9server ou annuler\u00a0\u00bb &hellip;<\/p>\n<p class=\"read-more\"> <a class=\"\" href=\"https:\/\/yogaandco.fr\/site\/planningetreservation\/\"> <span class=\"screen-reader-text\">planning et r\u00e9servation<\/span> Lire la suite\u00a0\u00bb<\/a><\/p>\n","protected":false},"author":2,"featured_media":0,"parent":0,"menu_order":0,"comment_status":"closed","ping_status":"closed","template":"","meta":{"_monsterinsights_skip_tracking":false,"_monsterinsights_sitenote_active":false,"_monsterinsights_sitenote_note":"","_monsterinsights_sitenote_category":0,"footnotes":""},"class_list":["post-10377","page","type-page","status-publish","hentry"],"yoast_head":"<!-- This site is optimized with the Yoast SEO plugin v16.8 - https:\/\/yoast.com\/wordpress\/plugins\/seo\/ -->\n<title>planning et r\u00e9servation - Yoga &amp; co<\/title>\n<meta name=\"robots\" content=\"index, follow, max-snippet:-1, max-image-preview:large, max-video-preview:-1\" \/>\n<link rel=\"canonical\" href=\"https:\/\/yogaandco.fr\/site\/planningetreservation\/\" \/>\n<meta property=\"og:locale\" content=\"fr_FR\" \/>\n<meta property=\"og:type\" content=\"article\" \/>\n<meta property=\"og:title\" content=\"planning et r\u00e9servation - Yoga &amp; co\" \/>\n<meta property=\"og:description\" content=\"[vc_row css=\u00a0\u00bb.vc_custom_1690977031192{margin-top: 30px !important;padding-top: 30px !important;}\u00a0\u00bb][vc_column width=\u00a0\u00bb1\/2&Prime;][vc_column_text] LE PLANNING [\/vc_column_text][\/vc_column][vc_column width=\u00a0\u00bb1\/2&Prime;][vc_column_text]Les r\u00e9servations se font directement en ligne ! Les inscriptions ne se font pas par t\u00e9l\u00e9phone.[\/vc_column_text][vc_btn title=\u00a0\u00bbT\u00e9l\u00e9charger le planning en PDF\u00a0\u00bb style=\u00a0\u00bboutline-custom\u00a0\u00bb outline_custom_color=\u00a0\u00bb#2a504d\u00a0\u00bb outline_custom_hover_background=\u00a0\u00bb#2a504d\u00a0\u00bb outline_custom_hover_text=\u00a0\u00bb#ffffff\u00a0\u00bb shape=\u00a0\u00bbsquare\u00a0\u00bb size=\u00a0\u00bbsm\u00a0\u00bb link=\u00a0\u00bburl:https%3A%2F%2Fyogaandco.fr%2Fsite%2Fwp-content%2Fuploads%2F2026%2F04%2FTELECHARGEZ-LE-PLANNING-DU-CENTRE.pdf|target:_blank\u00a0\u00bb][vc_btn title=\u00a0\u00bbConsulter notre FAQ\u00a0\u00bb style=\u00a0\u00bboutline-custom\u00a0\u00bb outline_custom_color=\u00a0\u00bb#2a504d\u00a0\u00bb outline_custom_hover_background=\u00a0\u00bb#2a504d\u00a0\u00bb outline_custom_hover_text=\u00a0\u00bb#ffffff\u00a0\u00bb shape=\u00a0\u00bbsquare\u00a0\u00bb size=\u00a0\u00bbsm\u00a0\u00bb link=\u00a0\u00bburl:https%3A%2F%2Fyogaandco.fr%2Fsite%2Fpremiere-fois%2F|title:PREMIERE%20FOIS%20%3F|target:_blank\u00a0\u00bb][vc_btn title=\u00a0\u00bbVoir le tuto pour r\u00e9server ou annuler\u00a0\u00bb &hellip; planning et r\u00e9servation Lire la suite\u00a0\u00bb\" \/>\n<meta property=\"og:url\" content=\"https:\/\/yogaandco.fr\/site\/planningetreservation\/\" \/>\n<meta property=\"og:site_name\" content=\"Yoga &amp; co\" \/>\n<meta property=\"article:modified_time\" content=\"2026-04-09T17:21:30+00:00\" \/>\n<meta name=\"twitter:label1\" content=\"Dur\u00e9e de lecture est.\" \/>\n\t<meta name=\"twitter:data1\" content=\"2 minutes\" \/>\n<script type=\"application\/ld+json\" class=\"yoast-schema-graph\">{\"@context\":\"https:\/\/schema.org\",\"@graph\":[{\"@type\":\"WebSite\",\"@id\":\"https:\/\/yogaandco.fr\/site\/#website\",\"url\":\"https:\/\/yogaandco.fr\/site\/\",\"name\":\"Yoga &amp; co\",\"description\":\"Yoga pour tous\",\"potentialAction\":[{\"@type\":\"SearchAction\",\"target\":{\"@type\":\"EntryPoint\",\"urlTemplate\":\"https:\/\/yogaandco.fr\/site\/?s={search_term_string}\"},\"query-input\":\"required name=search_term_string\"}],\"inLanguage\":\"fr-FR\"},{\"@type\":\"WebPage\",\"@id\":\"https:\/\/yogaandco.fr\/site\/planningetreservation\/#webpage\",\"url\":\"https:\/\/yogaandco.fr\/site\/planningetreservation\/\",\"name\":\"planning et r\\u00e9servation - Yoga &amp; co\",\"isPartOf\":{\"@id\":\"https:\/\/yogaandco.fr\/site\/#website\"},\"datePublished\":\"2021-08-04T12:43:20+00:00\",\"dateModified\":\"2026-04-09T17:21:30+00:00\",\"breadcrumb\":{\"@id\":\"https:\/\/yogaandco.fr\/site\/planningetreservation\/#breadcrumb\"},\"inLanguage\":\"fr-FR\",\"potentialAction\":[{\"@type\":\"ReadAction\",\"target\":[\"https:\/\/yogaandco.fr\/site\/planningetreservation\/\"]}]},{\"@type\":\"BreadcrumbList\",\"@id\":\"https:\/\/yogaandco.fr\/site\/planningetreservation\/#breadcrumb\",\"itemListElement\":[{\"@type\":\"ListItem\",\"position\":1,\"name\":\"Accueil\",\"item\":\"https:\/\/yogaandco.fr\/site\/\"},{\"@type\":\"ListItem\",\"position\":2,\"name\":\"planning et r\\u00e9servation\"}]}]}<\/script>\n<!-- \/ Yoast SEO plugin. -->","yoast_head_json":{"title":"planning et r\u00e9servation - Yoga &amp; co","robots":{"index":"index","follow":"follow","max-snippet":"max-snippet:-1","max-image-preview":"max-image-preview:large","max-video-preview":"max-video-preview:-1"},"canonical":"https:\/\/yogaandco.fr\/site\/planningetreservation\/","og_locale":"fr_FR","og_type":"article","og_title":"planning et r\u00e9servation - Yoga &amp; co","og_description":"[vc_row css=\u00a0\u00bb.vc_custom_1690977031192{margin-top: 30px !important;padding-top: 30px !important;}\u00a0\u00bb][vc_column width=\u00a0\u00bb1\/2&Prime;][vc_column_text] LE PLANNING [\/vc_column_text][\/vc_column][vc_column width=\u00a0\u00bb1\/2&Prime;][vc_column_text]Les r\u00e9servations se font directement en ligne ! Les inscriptions ne se font pas par t\u00e9l\u00e9phone.[\/vc_column_text][vc_btn title=\u00a0\u00bbT\u00e9l\u00e9charger le planning en PDF\u00a0\u00bb style=\u00a0\u00bboutline-custom\u00a0\u00bb outline_custom_color=\u00a0\u00bb#2a504d\u00a0\u00bb outline_custom_hover_background=\u00a0\u00bb#2a504d\u00a0\u00bb outline_custom_hover_text=\u00a0\u00bb#ffffff\u00a0\u00bb shape=\u00a0\u00bbsquare\u00a0\u00bb size=\u00a0\u00bbsm\u00a0\u00bb link=\u00a0\u00bburl:https%3A%2F%2Fyogaandco.fr%2Fsite%2Fwp-content%2Fuploads%2F2026%2F04%2FTELECHARGEZ-LE-PLANNING-DU-CENTRE.pdf|target:_blank\u00a0\u00bb][vc_btn title=\u00a0\u00bbConsulter notre FAQ\u00a0\u00bb style=\u00a0\u00bboutline-custom\u00a0\u00bb outline_custom_color=\u00a0\u00bb#2a504d\u00a0\u00bb outline_custom_hover_background=\u00a0\u00bb#2a504d\u00a0\u00bb outline_custom_hover_text=\u00a0\u00bb#ffffff\u00a0\u00bb shape=\u00a0\u00bbsquare\u00a0\u00bb size=\u00a0\u00bbsm\u00a0\u00bb link=\u00a0\u00bburl:https%3A%2F%2Fyogaandco.fr%2Fsite%2Fpremiere-fois%2F|title:PREMIERE%20FOIS%20%3F|target:_blank\u00a0\u00bb][vc_btn title=\u00a0\u00bbVoir le tuto pour r\u00e9server ou annuler\u00a0\u00bb &hellip; planning et r\u00e9servation Lire la suite\u00a0\u00bb","og_url":"https:\/\/yogaandco.fr\/site\/planningetreservation\/","og_site_name":"Yoga &amp; co","article_modified_time":"2026-04-09T17:21:30+00:00","twitter_misc":{"Dur\u00e9e de lecture est.":"2 minutes"},"schema":{"@context":"https:\/\/schema.org","@graph":[{"@type":"WebSite","@id":"https:\/\/yogaandco.fr\/site\/#website","url":"https:\/\/yogaandco.fr\/site\/","name":"Yoga &amp; co","description":"Yoga pour tous","potentialAction":[{"@type":"SearchAction","target":{"@type":"EntryPoint","urlTemplate":"https:\/\/yogaandco.fr\/site\/?s={search_term_string}"},"query-input":"required name=search_term_string"}],"inLanguage":"fr-FR"},{"@type":"WebPage","@id":"https:\/\/yogaandco.fr\/site\/planningetreservation\/#webpage","url":"https:\/\/yogaandco.fr\/site\/planningetreservation\/","name":"planning et r\u00e9servation - Yoga &amp; co","isPartOf":{"@id":"https:\/\/yogaandco.fr\/site\/#website"},"datePublished":"2021-08-04T12:43:20+00:00","dateModified":"2026-04-09T17:21:30+00:00","breadcrumb":{"@id":"https:\/\/yogaandco.fr\/site\/planningetreservation\/#breadcrumb"},"inLanguage":"fr-FR","potentialAction":[{"@type":"ReadAction","target":["https:\/\/yogaandco.fr\/site\/planningetreservation\/"]}]},{"@type":"BreadcrumbList","@id":"https:\/\/yogaandco.fr\/site\/planningetreservation\/#breadcrumb","itemListElement":[{"@type":"ListItem","position":1,"name":"Accueil","item":"https:\/\/yogaandco.fr\/site\/"},{"@type":"ListItem","position":2,"name":"planning et r\u00e9servation"}]}]}},"_links":{"self":[{"href":"https:\/\/yogaandco.fr\/site\/wp-json\/wp\/v2\/pages\/10377"}],"collection":[{"href":"https:\/\/yogaandco.fr\/site\/wp-json\/wp\/v2\/pages"}],"about":[{"href":"https:\/\/yogaandco.fr\/site\/wp-json\/wp\/v2\/types\/page"}],"author":[{"embeddable":true,"href":"https:\/\/yogaandco.fr\/site\/wp-json\/wp\/v2\/users\/2"}],"replies":[{"embeddable":true,"href":"https:\/\/yogaandco.fr\/site\/wp-json\/wp\/v2\/comments?post=10377"}],"version-history":[{"count":135,"href":"https:\/\/yogaandco.fr\/site\/wp-json\/wp\/v2\/pages\/10377\/revisions"}],"predecessor-version":[{"id":13490,"href":"https:\/\/yogaandco.fr\/site\/wp-json\/wp\/v2\/pages\/10377\/revisions\/13490"}],"wp:attachment":[{"href":"https:\/\/yogaandco.fr\/site\/wp-json\/wp\/v2\/media?parent=10377"}],"curies":[{"name":"wp","href":"https:\/\/api.w.org\/{rel}","templated":true}]}}