{"id":11728,"date":"2023-02-22T14:38:33","date_gmt":"2023-02-22T13:38:33","guid":{"rendered":"https:\/\/yogaandco.fr\/site\/?page_id=11728"},"modified":"2023-07-13T15:16:18","modified_gmt":"2023-07-13T14:16:18","slug":"medias-et-livres","status":"publish","type":"page","link":"https:\/\/yogaandco.fr\/site\/medias-et-livres\/","title":{"rendered":"M\u00e9dias et livres"},"content":{"rendered":"<p>[vc_row gap=\u00a0\u00bb10&Prime; content_placement=\u00a0\u00bbtop\u00a0\u00bb css=\u00a0\u00bb.vc_custom_1678636468810{margin-top: 50px !important;}\u00a0\u00bb][vc_column width=\u00a0\u00bb1\/2&Prime;][vc_column_text]<\/p>\n<div class=\"wp-block-columns is-layout-flex wp-container-core-columns-is-layout-1 wp-block-columns-is-layout-flex\">\n<div class=\"wp-block-column is-layout-flow wp-block-column-is-layout-flow\">\n<h1>M\u00c9DIAS ET LIVRES<\/h1>\n<\/div>\n<\/div>\n<div class=\"wp-block-columns\">\n<div class=\"wp-block-column\">\n<\/div>\n<p><br \/>\n<\/p>\n<div class=\"wp-block-column is-layout-flow wp-block-column-is-layout-flow\"><\/div>\n<p><br \/>\n<\/p>\n<div class=\"wp-block-column is-layout-flow wp-block-column-is-layout-flow\"><\/div>\n<p><\/div>\n<p><br \/>\n&nbsp;[\/vc_column_text][\/vc_column][vc_column width=\u00a0\u00bb1\/2&Prime;][vc_column_text]<\/p>\n<p>D\u00e9couvrez ici les livres et les articles de presse concernant Nad\u00e8ge &amp; le centre Yoga &amp; Co.<br \/>Cliquez sur les articles pour les voir en entier.<\/p>\n<p>Tous les livres sont disponibles \u00e0 l&rsquo;achat chez Yoga &amp; Co.<\/p>\n<p>[\/vc_column_text][\/vc_column][\/vc_row][vc_row full_width=\u00a0\u00bbstretch_row\u00a0\u00bb gap=\u00a0\u00bb10&Prime; content_placement=\u00a0\u00bbtop\u00a0\u00bb css=\u00a0\u00bb.vc_custom_1678642885426{padding-bottom: 30px !important;background-color: rgba(0,94,56,0.16) !important;*background-color: rgb(0,94,56) !important;}\u00a0\u00bb][vc_column][vc_column_text]<\/p>\n<h2>LIVRES<\/h2>\n<p>[\/vc_column_text][vc_row_inner equal_height=\u00a0\u00bbyes\u00a0\u00bb gap=\u00a0\u00bb5&Prime;][vc_column_inner width=\u00a0\u00bb1\/4&Prime; css=\u00a0\u00bb.vc_custom_1678642583192{background-color: #ffffff !important;}\u00a0\u00bb][vc_single_image image=\u00a0\u00bb8662&Prime; img_size=\u00a0\u00bbmedium\u00a0\u00bb alignment=\u00a0\u00bbcenter\u00a0\u00bb onclick=\u00a0\u00bblink_image\u00a0\u00bb][vc_column_text]<\/p>\n<p style=\"text-align: center;\"><strong>Je retrouve une bonne digestion avec le yoga<\/strong><\/p>\n<p>[\/vc_column_text][\/vc_column_inner][vc_column_inner width=\u00a0\u00bb1\/4&Prime; css=\u00a0\u00bb.vc_custom_1678642593880{background-color: #ffffff !important;}\u00a0\u00bb][vc_single_image image=\u00a0\u00bb8661&Prime; img_size=\u00a0\u00bbmedium\u00a0\u00bb alignment=\u00a0\u00bbcenter\u00a0\u00bb onclick=\u00a0\u00bblink_image\u00a0\u00bb][vc_column_text]<\/p>\n<p style=\"text-align: center;\"><strong>Petit Yogi<\/strong><\/p>\n<p>[\/vc_column_text][\/vc_column_inner][vc_column_inner width=\u00a0\u00bb1\/4&Prime; css=\u00a0\u00bb.vc_custom_1678642603711{background-color: #ffffff !important;}\u00a0\u00bb][vc_single_image image=\u00a0\u00bb7871&Prime; img_size=\u00a0\u00bbmedium\u00a0\u00bb alignment=\u00a0\u00bbcenter\u00a0\u00bb onclick=\u00a0\u00bblink_image\u00a0\u00bb][vc_column_text]<\/p>\n<p style=\"text-align: center;\"><strong>Je soigne mon hypertension avec le yoga<\/strong><\/p>\n<p>[\/vc_column_text][\/vc_column_inner][\/vc_row_inner][\/vc_column][\/vc_row][vc_row][vc_column][vc_column_text]<\/p>\n<h2>ARTICLES<\/h2>\n<p>[\/vc_column_text][\/vc_column][\/vc_row][vc_row gap=\u00a0\u00bb10&Prime; equal_height=\u00a0\u00bbyes\u00a0\u00bb content_placement=\u00a0\u00bbmiddle\u00a0\u00bb][vc_column width=\u00a0\u00bb1\/4&Prime;][vc_images_carousel images=\u00a0\u00bb6454,6455,6456,6457&Prime; img_size=\u00a0\u00bbmedium\u00a0\u00bb][vc_column_text]<\/p>\n<p style=\"text-align: center;\"><strong>Apprendre \u00e0 contr\u00f4ler sa respiration<br \/>\n<\/strong>Particulier sant\u00e9[\/vc_column_text][\/vc_column][vc_column width=\u00a0\u00bb1\/4&Prime;][vc_images_carousel images=\u00a0\u00bb4461,4462&Prime; img_size=\u00a0\u00bbmedium\u00a0\u00bb][vc_column_text]<\/p>\n<p style=\"text-align: center;\"><strong>Yoga pour enfants diff\u00e9rents<br \/>\n<\/strong>Grandir autrement[\/vc_column_text][\/vc_column][vc_column width=\u00a0\u00bb1\/4&Prime;][vc_single_image image=\u00a0\u00bb3954&Prime; img_size=\u00a0\u00bbmedium\u00a0\u00bb alignment=\u00a0\u00bbcenter\u00a0\u00bb onclick=\u00a0\u00bblink_image\u00a0\u00bb][vc_column_text]<\/p>\n<p style=\"text-align: center;\"><strong>Que faites-vous pour vous d\u00e9tendre quand le stress monte ?<br \/>\n<\/strong>Esprit yoga[\/vc_column_text][\/vc_column][vc_column width=\u00a0\u00bb1\/4&Prime;][vc_single_image image=\u00a0\u00bb6458&Prime; img_size=\u00a0\u00bbmedium\u00a0\u00bb alignment=\u00a0\u00bbcenter\u00a0\u00bb onclick=\u00a0\u00bblink_image\u00a0\u00bb][vc_column_text]<\/p>\n<p style=\"text-align: center;\"><strong>Pr\u00e9parer sa relaxation<br \/>\n<\/strong>Esprit yoga[\/vc_column_text][\/vc_column][\/vc_row][vc_row gap=\u00a0\u00bb10&Prime; equal_height=\u00a0\u00bbyes\u00a0\u00bb content_placement=\u00a0\u00bbmiddle\u00a0\u00bb][vc_column width=\u00a0\u00bb1\/4&Prime;][vc_single_image image=\u00a0\u00bb8663&Prime; img_size=\u00a0\u00bbmedium\u00a0\u00bb alignment=\u00a0\u00bbcenter\u00a0\u00bb onclick=\u00a0\u00bblink_image\u00a0\u00bb][vc_column_text]<\/p>\n<p style=\"text-align: center;\"><strong>Le yoga du jardinier<br \/>\n<\/strong>Esprit yoga[\/vc_column_text][\/vc_column][vc_column width=\u00a0\u00bb1\/4&Prime;][\/vc_column][vc_column width=\u00a0\u00bb1\/4&Prime;][\/vc_column][vc_column width=\u00a0\u00bb1\/4&Prime;][\/vc_column][\/vc_row][vc_row full_width=\u00a0\u00bbstretch_row\u00a0\u00bb css=\u00a0\u00bb.vc_custom_1678642391327{background-color: rgba(0,94,56,0.16) !important;*background-color: rgb(0,94,56) !important;}\u00a0\u00bb][vc_column][vc_column_text]<\/p>\n<h2>WEB<\/h2>\n<p>[\/vc_column_text][vc_row_inner equal_height=\u00a0\u00bbyes\u00a0\u00bb gap=\u00a0\u00bb15&Prime; css=\u00a0\u00bb.vc_custom_1682697777009{padding-bottom: 30px !important;}\u00a0\u00bb][vc_column_inner width=\u00a0\u00bb1\/4&Prime; css=\u00a0\u00bb.vc_custom_1678643766015{background-color: #ffffff !important;}\u00a0\u00bb][vc_single_image image=\u00a0\u00bb11475&Prime; img_size=\u00a0\u00bb200&#215;200&Prime; alignment=\u00a0\u00bbcenter\u00a0\u00bb style=\u00a0\u00bbvc_box_circle_2&Prime; onclick=\u00a0\u00bbcustom_link\u00a0\u00bb img_link_target=\u00a0\u00bb_blank\u00a0\u00bb link=\u00a0\u00bbhttps:\/\/yogaandco.fr\/site\/wp-content\/uploads\/2013\/04\/Conseils-d%E2%80%99une-prof-de-yoga-%C3%A0-ceux-qui-comme-elle-ont-un-handicap-Le-Nouvel-Observateur.pdf\u00a0\u00bb][vc_column_text]<\/p>\n<p style=\"text-align: center;\"><strong>Conseils d\u2019une prof de yoga \u00e0 ceux qui, comme elle, ont un handicap<\/strong><\/p>\n<p>[\/vc_column_text][vc_btn title=\u00a0\u00bbLire l&rsquo;article\u00a0\u00bb style=\u00a0\u00bboutline\u00a0\u00bb shape=\u00a0\u00bbsquare\u00a0\u00bb color=\u00a0\u00bbinverse\u00a0\u00bb size=\u00a0\u00bbsm\u00a0\u00bb align=\u00a0\u00bbcenter\u00a0\u00bb link=\u00a0\u00bburl:https%3A%2F%2Fyogaandco.fr%2Fsite%2Fwp-content%2Fuploads%2F2013%2F04%2FConseils-d%25E2%2580%2599une-prof-de-yoga-%25C3%25A0-ceux-qui-comme-elle-ont-un-handicap-Le-Nouvel-Observateur.pdf\u00a0\u00bb][\/vc_column_inner][vc_column_inner width=\u00a0\u00bb1\/4&Prime;][\/vc_column_inner][vc_column_inner width=\u00a0\u00bb1\/4&Prime;][\/vc_column_inner][\/vc_row_inner][\/vc_column][\/vc_row][vc_row][vc_column][\/vc_column][\/vc_row]<\/p>\n","protected":false},"excerpt":{"rendered":"<p>[vc_row gap=\u00a0\u00bb10&Prime; content_placement=\u00a0\u00bbtop\u00a0\u00bb css=\u00a0\u00bb.vc_custom_1678636468810{margin-top: 50px !important;}\u00a0\u00bb][vc_column width=\u00a0\u00bb1\/2&Prime;][vc_column_text] M\u00c9DIAS ET LIVRES &nbsp;[\/vc_column_text][\/vc_column][vc_column width=\u00a0\u00bb1\/2&Prime;][vc_column_text] D\u00e9couvrez ici les livres et les articles de presse concernant Nad\u00e8ge &amp; le centre Yoga &amp; Co.Cliquez sur les articles pour les voir en entier. Tous les livres sont disponibles \u00e0 l&rsquo;achat chez Yoga &amp; Co. [\/vc_column_text][\/vc_column][\/vc_row][vc_row full_width=\u00a0\u00bbstretch_row\u00a0\u00bb gap=\u00a0\u00bb10&Prime; content_placement=\u00a0\u00bbtop\u00a0\u00bb css=\u00a0\u00bb.vc_custom_1678642885426{padding-bottom: 30px !important;background-color: &hellip;<\/p>\n<p class=\"read-more\"> <a class=\"\" href=\"https:\/\/yogaandco.fr\/site\/medias-et-livres\/\"> <span class=\"screen-reader-text\">M\u00e9dias et livres<\/span> Lire la suite\u00a0\u00bb<\/a><\/p>\n","protected":false},"author":2,"featured_media":0,"parent":0,"menu_order":0,"comment_status":"closed","ping_status":"closed","template":"","meta":{"_monsterinsights_skip_tracking":false,"_monsterinsights_sitenote_active":false,"_monsterinsights_sitenote_note":"","_monsterinsights_sitenote_category":0,"footnotes":""},"class_list":["post-11728","page","type-page","status-publish","hentry"],"yoast_head":"<!-- This site is optimized with the Yoast SEO plugin v16.8 - https:\/\/yoast.com\/wordpress\/plugins\/seo\/ -->\n<title>M\u00e9dias et livres - Yoga &amp; co<\/title>\n<meta name=\"robots\" content=\"index, follow, max-snippet:-1, max-image-preview:large, max-video-preview:-1\" \/>\n<link rel=\"canonical\" href=\"https:\/\/yogaandco.fr\/site\/medias-et-livres\/\" \/>\n<meta property=\"og:locale\" content=\"fr_FR\" \/>\n<meta property=\"og:type\" content=\"article\" \/>\n<meta property=\"og:title\" content=\"M\u00e9dias et livres - Yoga &amp; co\" \/>\n<meta property=\"og:description\" content=\"[vc_row gap=\u00a0\u00bb10&Prime; content_placement=\u00a0\u00bbtop\u00a0\u00bb css=\u00a0\u00bb.vc_custom_1678636468810{margin-top: 50px !important;}\u00a0\u00bb][vc_column width=\u00a0\u00bb1\/2&Prime;][vc_column_text] M\u00c9DIAS ET LIVRES &nbsp;[\/vc_column_text][\/vc_column][vc_column width=\u00a0\u00bb1\/2&Prime;][vc_column_text] D\u00e9couvrez ici les livres et les articles de presse concernant Nad\u00e8ge &amp; le centre Yoga &amp; Co.Cliquez sur les articles pour les voir en entier. Tous les livres sont disponibles \u00e0 l&rsquo;achat chez Yoga &amp; Co. [\/vc_column_text][\/vc_column][\/vc_row][vc_row full_width=\u00a0\u00bbstretch_row\u00a0\u00bb gap=\u00a0\u00bb10&Prime; content_placement=\u00a0\u00bbtop\u00a0\u00bb css=\u00a0\u00bb.vc_custom_1678642885426{padding-bottom: 30px !important;background-color: &hellip; M\u00e9dias et livres Lire la suite\u00a0\u00bb\" \/>\n<meta property=\"og:url\" content=\"https:\/\/yogaandco.fr\/site\/medias-et-livres\/\" \/>\n<meta property=\"og:site_name\" content=\"Yoga &amp; co\" \/>\n<meta property=\"article:modified_time\" content=\"2023-07-13T14:16:18+00:00\" \/>\n<meta name=\"twitter:label1\" content=\"Dur\u00e9e de lecture est.\" \/>\n\t<meta name=\"twitter:data1\" content=\"1 minute\" \/>\n<script type=\"application\/ld+json\" class=\"yoast-schema-graph\">{\"@context\":\"https:\/\/schema.org\",\"@graph\":[{\"@type\":\"WebSite\",\"@id\":\"https:\/\/yogaandco.fr\/site\/#website\",\"url\":\"https:\/\/yogaandco.fr\/site\/\",\"name\":\"Yoga &amp; co\",\"description\":\"Yoga pour tous\",\"potentialAction\":[{\"@type\":\"SearchAction\",\"target\":{\"@type\":\"EntryPoint\",\"urlTemplate\":\"https:\/\/yogaandco.fr\/site\/?s={search_term_string}\"},\"query-input\":\"required name=search_term_string\"}],\"inLanguage\":\"fr-FR\"},{\"@type\":\"WebPage\",\"@id\":\"https:\/\/yogaandco.fr\/site\/medias-et-livres\/#webpage\",\"url\":\"https:\/\/yogaandco.fr\/site\/medias-et-livres\/\",\"name\":\"M\\u00e9dias et livres - Yoga &amp; co\",\"isPartOf\":{\"@id\":\"https:\/\/yogaandco.fr\/site\/#website\"},\"datePublished\":\"2023-02-22T13:38:33+00:00\",\"dateModified\":\"2023-07-13T14:16:18+00:00\",\"breadcrumb\":{\"@id\":\"https:\/\/yogaandco.fr\/site\/medias-et-livres\/#breadcrumb\"},\"inLanguage\":\"fr-FR\",\"potentialAction\":[{\"@type\":\"ReadAction\",\"target\":[\"https:\/\/yogaandco.fr\/site\/medias-et-livres\/\"]}]},{\"@type\":\"BreadcrumbList\",\"@id\":\"https:\/\/yogaandco.fr\/site\/medias-et-livres\/#breadcrumb\",\"itemListElement\":[{\"@type\":\"ListItem\",\"position\":1,\"name\":\"Accueil\",\"item\":\"https:\/\/yogaandco.fr\/site\/\"},{\"@type\":\"ListItem\",\"position\":2,\"name\":\"M\\u00e9dias et livres\"}]}]}<\/script>\n<!-- \/ Yoast SEO plugin. -->","yoast_head_json":{"title":"M\u00e9dias et livres - Yoga &amp; co","robots":{"index":"index","follow":"follow","max-snippet":"max-snippet:-1","max-image-preview":"max-image-preview:large","max-video-preview":"max-video-preview:-1"},"canonical":"https:\/\/yogaandco.fr\/site\/medias-et-livres\/","og_locale":"fr_FR","og_type":"article","og_title":"M\u00e9dias et livres - Yoga &amp; co","og_description":"[vc_row gap=\u00a0\u00bb10&Prime; content_placement=\u00a0\u00bbtop\u00a0\u00bb css=\u00a0\u00bb.vc_custom_1678636468810{margin-top: 50px !important;}\u00a0\u00bb][vc_column width=\u00a0\u00bb1\/2&Prime;][vc_column_text] M\u00c9DIAS ET LIVRES &nbsp;[\/vc_column_text][\/vc_column][vc_column width=\u00a0\u00bb1\/2&Prime;][vc_column_text] D\u00e9couvrez ici les livres et les articles de presse concernant Nad\u00e8ge &amp; le centre Yoga &amp; Co.Cliquez sur les articles pour les voir en entier. Tous les livres sont disponibles \u00e0 l&rsquo;achat chez Yoga &amp; Co. [\/vc_column_text][\/vc_column][\/vc_row][vc_row full_width=\u00a0\u00bbstretch_row\u00a0\u00bb gap=\u00a0\u00bb10&Prime; content_placement=\u00a0\u00bbtop\u00a0\u00bb css=\u00a0\u00bb.vc_custom_1678642885426{padding-bottom: 30px !important;background-color: &hellip; M\u00e9dias et livres Lire la suite\u00a0\u00bb","og_url":"https:\/\/yogaandco.fr\/site\/medias-et-livres\/","og_site_name":"Yoga &amp; co","article_modified_time":"2023-07-13T14:16:18+00:00","twitter_misc":{"Dur\u00e9e de lecture est.":"1 minute"},"schema":{"@context":"https:\/\/schema.org","@graph":[{"@type":"WebSite","@id":"https:\/\/yogaandco.fr\/site\/#website","url":"https:\/\/yogaandco.fr\/site\/","name":"Yoga &amp; co","description":"Yoga pour tous","potentialAction":[{"@type":"SearchAction","target":{"@type":"EntryPoint","urlTemplate":"https:\/\/yogaandco.fr\/site\/?s={search_term_string}"},"query-input":"required name=search_term_string"}],"inLanguage":"fr-FR"},{"@type":"WebPage","@id":"https:\/\/yogaandco.fr\/site\/medias-et-livres\/#webpage","url":"https:\/\/yogaandco.fr\/site\/medias-et-livres\/","name":"M\u00e9dias et livres - Yoga &amp; co","isPartOf":{"@id":"https:\/\/yogaandco.fr\/site\/#website"},"datePublished":"2023-02-22T13:38:33+00:00","dateModified":"2023-07-13T14:16:18+00:00","breadcrumb":{"@id":"https:\/\/yogaandco.fr\/site\/medias-et-livres\/#breadcrumb"},"inLanguage":"fr-FR","potentialAction":[{"@type":"ReadAction","target":["https:\/\/yogaandco.fr\/site\/medias-et-livres\/"]}]},{"@type":"BreadcrumbList","@id":"https:\/\/yogaandco.fr\/site\/medias-et-livres\/#breadcrumb","itemListElement":[{"@type":"ListItem","position":1,"name":"Accueil","item":"https:\/\/yogaandco.fr\/site\/"},{"@type":"ListItem","position":2,"name":"M\u00e9dias et livres"}]}]}},"_links":{"self":[{"href":"https:\/\/yogaandco.fr\/site\/wp-json\/wp\/v2\/pages\/11728"}],"collection":[{"href":"https:\/\/yogaandco.fr\/site\/wp-json\/wp\/v2\/pages"}],"about":[{"href":"https:\/\/yogaandco.fr\/site\/wp-json\/wp\/v2\/types\/page"}],"author":[{"embeddable":true,"href":"https:\/\/yogaandco.fr\/site\/wp-json\/wp\/v2\/users\/2"}],"replies":[{"embeddable":true,"href":"https:\/\/yogaandco.fr\/site\/wp-json\/wp\/v2\/comments?post=11728"}],"version-history":[{"count":34,"href":"https:\/\/yogaandco.fr\/site\/wp-json\/wp\/v2\/pages\/11728\/revisions"}],"predecessor-version":[{"id":11995,"href":"https:\/\/yogaandco.fr\/site\/wp-json\/wp\/v2\/pages\/11728\/revisions\/11995"}],"wp:attachment":[{"href":"https:\/\/yogaandco.fr\/site\/wp-json\/wp\/v2\/media?parent=11728"}],"curies":[{"name":"wp","href":"https:\/\/api.w.org\/{rel}","templated":true}]}}