{"id":294,"date":"2012-07-08T16:19:25","date_gmt":"2012-07-08T15:19:25","guid":{"rendered":"http:\/\/yogaandco.fr\/site\/?page_id=294"},"modified":"2023-08-29T13:28:24","modified_gmt":"2023-08-29T12:28:24","slug":"professeurs","status":"publish","type":"page","link":"https:\/\/yogaandco.fr\/site\/professeurs\/","title":{"rendered":"Professeurs &#038; intervenants"},"content":{"rendered":"<p>[vc_row css=\u00a0\u00bb.vc_custom_1623857938563{margin-top: 50px !important;margin-bottom: 50px !important;}\u00a0\u00bb][vc_column][vc_column_text]<\/p>\n<h1 style=\"text-align: center;\">L&rsquo;\u00c9QUIPE<\/h1>\n<p style=\"text-align: center;\">Dipl\u00f4m\u00e9s, exp\u00e9riment\u00e9s, attentifs et enthousiastes, ils vous font partager leurs passions pendant les activit\u00e9s dispens\u00e9es toute la semaine.<\/p>\n<p>[\/vc_column_text][\/vc_column][\/vc_row][vc_row css_animation=\u00a0\u00bbbottom-to-top\u00a0\u00bb][vc_column][vc_basic_grid post_type=\u00a0\u00bbpost\u00a0\u00bb max_items=\u00a0\u00bb20&Prime; element_width=\u00a0\u00bb3&Prime; gap=\u00a0\u00bb0&Prime; orderby=\u00a0\u00bbtitle\u00a0\u00bb order=\u00a0\u00bbASC\u00a0\u00bb item=\u00a0\u00bb9572&Prime; grid_id=\u00a0\u00bbvc_gid:1693311981119-758672e1b3736a017a714155ad6c3596-3&Prime; taxonomies=\u00a0\u00bb10&Prime;][\/vc_column][\/vc_row]<\/p>\n","protected":false},"excerpt":{"rendered":"<p>[vc_row css=\u00a0\u00bb.vc_custom_1623857938563{margin-top: 50px !important;margin-bottom: 50px !important;}\u00a0\u00bb][vc_column][vc_column_text] L&rsquo;\u00c9QUIPE Dipl\u00f4m\u00e9s, exp\u00e9riment\u00e9s, attentifs et enthousiastes, ils vous font partager leurs passions pendant les activit\u00e9s dispens\u00e9es toute la semaine. [\/vc_column_text][\/vc_column][\/vc_row][vc_row css_animation=\u00a0\u00bbbottom-to-top\u00a0\u00bb][vc_column][vc_basic_grid post_type=\u00a0\u00bbpost\u00a0\u00bb max_items=\u00a0\u00bb20&Prime; element_width=\u00a0\u00bb3&Prime; gap=\u00a0\u00bb0&Prime; orderby=\u00a0\u00bbtitle\u00a0\u00bb order=\u00a0\u00bbASC\u00a0\u00bb item=\u00a0\u00bb9572&Prime; grid_id=\u00a0\u00bbvc_gid:1693311981119-758672e1b3736a017a714155ad6c3596-3&Prime; taxonomies=\u00a0\u00bb10&Prime;][\/vc_column][\/vc_row]<\/p>\n","protected":false},"author":1,"featured_media":0,"parent":0,"menu_order":0,"comment_status":"closed","ping_status":"open","template":"","meta":{"_monsterinsights_skip_tracking":false,"_monsterinsights_sitenote_active":false,"_monsterinsights_sitenote_note":"","_monsterinsights_sitenote_category":0,"footnotes":""},"class_list":["post-294","page","type-page","status-publish","hentry"],"yoast_head":"<!-- This site is optimized with the Yoast SEO plugin v16.8 - https:\/\/yoast.com\/wordpress\/plugins\/seo\/ -->\n<title>Professeurs &amp; intervenants - Yoga &amp; co<\/title>\n<meta name=\"robots\" content=\"index, follow, max-snippet:-1, max-image-preview:large, max-video-preview:-1\" \/>\n<link rel=\"canonical\" href=\"https:\/\/yogaandco.fr\/site\/professeurs\/\" \/>\n<meta property=\"og:locale\" content=\"fr_FR\" \/>\n<meta property=\"og:type\" content=\"article\" \/>\n<meta property=\"og:title\" content=\"Professeurs &amp; intervenants - Yoga &amp; co\" \/>\n<meta property=\"og:description\" content=\"[vc_row css=\u00a0\u00bb.vc_custom_1623857938563{margin-top: 50px !important;margin-bottom: 50px !important;}\u00a0\u00bb][vc_column][vc_column_text] L&rsquo;\u00c9QUIPE Dipl\u00f4m\u00e9s, exp\u00e9riment\u00e9s, attentifs et enthousiastes, ils vous font partager leurs passions pendant les activit\u00e9s dispens\u00e9es toute la semaine. [\/vc_column_text][\/vc_column][\/vc_row][vc_row css_animation=\u00a0\u00bbbottom-to-top\u00a0\u00bb][vc_column][vc_basic_grid post_type=\u00a0\u00bbpost\u00a0\u00bb max_items=\u00a0\u00bb20&Prime; element_width=\u00a0\u00bb3&Prime; gap=\u00a0\u00bb0&Prime; orderby=\u00a0\u00bbtitle\u00a0\u00bb order=\u00a0\u00bbASC\u00a0\u00bb item=\u00a0\u00bb9572&Prime; grid_id=\u00a0\u00bbvc_gid:1693311981119-758672e1b3736a017a714155ad6c3596-3&Prime; taxonomies=\u00a0\u00bb10&Prime;][\/vc_column][\/vc_row]\" \/>\n<meta property=\"og:url\" content=\"https:\/\/yogaandco.fr\/site\/professeurs\/\" \/>\n<meta property=\"og:site_name\" content=\"Yoga &amp; co\" \/>\n<meta property=\"article:modified_time\" content=\"2023-08-29T12:28:24+00:00\" \/>\n<script type=\"application\/ld+json\" class=\"yoast-schema-graph\">{\"@context\":\"https:\/\/schema.org\",\"@graph\":[{\"@type\":\"WebSite\",\"@id\":\"https:\/\/yogaandco.fr\/site\/#website\",\"url\":\"https:\/\/yogaandco.fr\/site\/\",\"name\":\"Yoga &amp; co\",\"description\":\"Yoga pour tous\",\"potentialAction\":[{\"@type\":\"SearchAction\",\"target\":{\"@type\":\"EntryPoint\",\"urlTemplate\":\"https:\/\/yogaandco.fr\/site\/?s={search_term_string}\"},\"query-input\":\"required name=search_term_string\"}],\"inLanguage\":\"fr-FR\"},{\"@type\":\"WebPage\",\"@id\":\"https:\/\/yogaandco.fr\/site\/professeurs\/#webpage\",\"url\":\"https:\/\/yogaandco.fr\/site\/professeurs\/\",\"name\":\"Professeurs & intervenants - Yoga &amp; co\",\"isPartOf\":{\"@id\":\"https:\/\/yogaandco.fr\/site\/#website\"},\"datePublished\":\"2012-07-08T15:19:25+00:00\",\"dateModified\":\"2023-08-29T12:28:24+00:00\",\"breadcrumb\":{\"@id\":\"https:\/\/yogaandco.fr\/site\/professeurs\/#breadcrumb\"},\"inLanguage\":\"fr-FR\",\"potentialAction\":[{\"@type\":\"ReadAction\",\"target\":[\"https:\/\/yogaandco.fr\/site\/professeurs\/\"]}]},{\"@type\":\"BreadcrumbList\",\"@id\":\"https:\/\/yogaandco.fr\/site\/professeurs\/#breadcrumb\",\"itemListElement\":[{\"@type\":\"ListItem\",\"position\":1,\"name\":\"Accueil\",\"item\":\"https:\/\/yogaandco.fr\/site\/\"},{\"@type\":\"ListItem\",\"position\":2,\"name\":\"Professeurs &#038; intervenants\"}]}]}<\/script>\n<!-- \/ Yoast SEO plugin. -->","yoast_head_json":{"title":"Professeurs & intervenants - Yoga &amp; co","robots":{"index":"index","follow":"follow","max-snippet":"max-snippet:-1","max-image-preview":"max-image-preview:large","max-video-preview":"max-video-preview:-1"},"canonical":"https:\/\/yogaandco.fr\/site\/professeurs\/","og_locale":"fr_FR","og_type":"article","og_title":"Professeurs & intervenants - Yoga &amp; co","og_description":"[vc_row css=\u00a0\u00bb.vc_custom_1623857938563{margin-top: 50px !important;margin-bottom: 50px !important;}\u00a0\u00bb][vc_column][vc_column_text] L&rsquo;\u00c9QUIPE Dipl\u00f4m\u00e9s, exp\u00e9riment\u00e9s, attentifs et enthousiastes, ils vous font partager leurs passions pendant les activit\u00e9s dispens\u00e9es toute la semaine. [\/vc_column_text][\/vc_column][\/vc_row][vc_row css_animation=\u00a0\u00bbbottom-to-top\u00a0\u00bb][vc_column][vc_basic_grid post_type=\u00a0\u00bbpost\u00a0\u00bb max_items=\u00a0\u00bb20&Prime; element_width=\u00a0\u00bb3&Prime; gap=\u00a0\u00bb0&Prime; orderby=\u00a0\u00bbtitle\u00a0\u00bb order=\u00a0\u00bbASC\u00a0\u00bb item=\u00a0\u00bb9572&Prime; grid_id=\u00a0\u00bbvc_gid:1693311981119-758672e1b3736a017a714155ad6c3596-3&Prime; taxonomies=\u00a0\u00bb10&Prime;][\/vc_column][\/vc_row]","og_url":"https:\/\/yogaandco.fr\/site\/professeurs\/","og_site_name":"Yoga &amp; co","article_modified_time":"2023-08-29T12:28:24+00:00","schema":{"@context":"https:\/\/schema.org","@graph":[{"@type":"WebSite","@id":"https:\/\/yogaandco.fr\/site\/#website","url":"https:\/\/yogaandco.fr\/site\/","name":"Yoga &amp; co","description":"Yoga pour tous","potentialAction":[{"@type":"SearchAction","target":{"@type":"EntryPoint","urlTemplate":"https:\/\/yogaandco.fr\/site\/?s={search_term_string}"},"query-input":"required name=search_term_string"}],"inLanguage":"fr-FR"},{"@type":"WebPage","@id":"https:\/\/yogaandco.fr\/site\/professeurs\/#webpage","url":"https:\/\/yogaandco.fr\/site\/professeurs\/","name":"Professeurs & intervenants - Yoga &amp; co","isPartOf":{"@id":"https:\/\/yogaandco.fr\/site\/#website"},"datePublished":"2012-07-08T15:19:25+00:00","dateModified":"2023-08-29T12:28:24+00:00","breadcrumb":{"@id":"https:\/\/yogaandco.fr\/site\/professeurs\/#breadcrumb"},"inLanguage":"fr-FR","potentialAction":[{"@type":"ReadAction","target":["https:\/\/yogaandco.fr\/site\/professeurs\/"]}]},{"@type":"BreadcrumbList","@id":"https:\/\/yogaandco.fr\/site\/professeurs\/#breadcrumb","itemListElement":[{"@type":"ListItem","position":1,"name":"Accueil","item":"https:\/\/yogaandco.fr\/site\/"},{"@type":"ListItem","position":2,"name":"Professeurs &#038; intervenants"}]}]}},"_links":{"self":[{"href":"https:\/\/yogaandco.fr\/site\/wp-json\/wp\/v2\/pages\/294"}],"collection":[{"href":"https:\/\/yogaandco.fr\/site\/wp-json\/wp\/v2\/pages"}],"about":[{"href":"https:\/\/yogaandco.fr\/site\/wp-json\/wp\/v2\/types\/page"}],"author":[{"embeddable":true,"href":"https:\/\/yogaandco.fr\/site\/wp-json\/wp\/v2\/users\/1"}],"replies":[{"embeddable":true,"href":"https:\/\/yogaandco.fr\/site\/wp-json\/wp\/v2\/comments?post=294"}],"version-history":[{"count":37,"href":"https:\/\/yogaandco.fr\/site\/wp-json\/wp\/v2\/pages\/294\/revisions"}],"predecessor-version":[{"id":12129,"href":"https:\/\/yogaandco.fr\/site\/wp-json\/wp\/v2\/pages\/294\/revisions\/12129"}],"wp:attachment":[{"href":"https:\/\/yogaandco.fr\/site\/wp-json\/wp\/v2\/media?parent=294"}],"curies":[{"name":"wp","href":"https:\/\/api.w.org\/{rel}","templated":true}]}}