{"id":6,"date":"2012-07-02T14:50:36","date_gmt":"2012-07-02T13:50:36","guid":{"rendered":"http:\/\/yogaandco.fr\/site\/?page_id=6"},"modified":"2024-09-20T09:40:52","modified_gmt":"2024-09-20T08:40:52","slug":"activites-et-professeurs","status":"publish","type":"page","link":"https:\/\/yogaandco.fr\/site\/activites-et-professeurs\/","title":{"rendered":"Activit\u00e9s"},"content":{"rendered":"<p>[vc_row full_width=\u00a0\u00bbstretch_row\u00a0\u00bb equal_height=\u00a0\u00bbyes\u00a0\u00bb content_placement=\u00a0\u00bbmiddle\u00a0\u00bb css=\u00a0\u00bb.vc_custom_1623710780731{padding-top: 30px !important;padding-bottom: 30px !important;}\u00a0\u00bb][vc_column width=\u00a0\u00bb1\/2&Prime;][vc_column_text]<\/p>\n<h1>NOS ACTIVIT\u00c9S<\/h1>\n<p>[\/vc_column_text][vc_btn title=\u00a0\u00bbVOIR NOS PROFESSEURS\u00a0\u00bb style=\u00a0\u00bboutline-custom\u00a0\u00bb outline_custom_color=\u00a0\u00bb#2a504d\u00a0\u00bb outline_custom_hover_background=\u00a0\u00bb#2a504d\u00a0\u00bb outline_custom_hover_text=\u00a0\u00bb#ffffff\u00a0\u00bb shape=\u00a0\u00bbsquare\u00a0\u00bb size=\u00a0\u00bbsm\u00a0\u00bb link=\u00a0\u00bburl:http%3A%2F%2Fyogaandco.fr\/site%2F%3Fpage_id%3D294|title:PLANNING|target:_blank\u00a0\u00bb][vc_btn title=\u00a0\u00bbVOIR LE PLANNING\u00a0\u00bb style=\u00a0\u00bboutline-custom\u00a0\u00bb outline_custom_color=\u00a0\u00bb#2a504d\u00a0\u00bb outline_custom_hover_background=\u00a0\u00bb#2a504d\u00a0\u00bb outline_custom_hover_text=\u00a0\u00bb#ffffff\u00a0\u00bb shape=\u00a0\u00bbsquare\u00a0\u00bb size=\u00a0\u00bbsm\u00a0\u00bb align=\u00a0\u00bbleft\u00a0\u00bb link=\u00a0\u00bburl:http%3A%2F%2Fyogaandco.fr\/site%2F%3Fpage_id%3D10146|title:PLANNING|target:_blank\u00a0\u00bb][\/vc_column][vc_column width=\u00a0\u00bb1\/2&Prime;][vc_column_text]Afin de convenir \u00e0 chacun, nous vous proposons un grand nombre d\u2019activit\u00e9s vari\u00e9es : des formes les plus classiques de yoga aux plus originales. Quelque soit votre niveau, votre \u00e2ge, vos go\u00fbts, vous trouverez votre bonheur !<\/p>\n<p>Avant de vous inscrire, vous avez la possibilit\u00e9 de r\u00e9server un entretien au cours duquel nous pourrons discuter ensemble afin de vous aider \u00e0 choisir l\u2019activit\u00e9 qui vous conviendra le mieux.[\/vc_column_text][\/vc_column][\/vc_row][vc_row full_width=\u00a0\u00bbstretch_row\u00a0\u00bb equal_height=\u00a0\u00bbyes\u00a0\u00bb css_animation=\u00a0\u00bbbottom-to-top\u00a0\u00bb css=\u00a0\u00bb.vc_custom_1625070149628{background-color: #e5f4ec !important;}\u00a0\u00bb][vc_column][vc_column_text css=\u00a0\u00bb.vc_custom_1726821640277{padding-bottom: -20px !important;}\u00a0\u00bb]<\/p>\n<h2><strong>Les classiques<\/strong><\/h2>\n<p>Ils sont propos\u00e9s plusieurs fois par semaine, voire tous les jours !\u00a0<strong><br \/>\n<\/strong><\/p>\n<p>Vous ne savez pas quoi choisir ? Optez pour l&rsquo;offre Explore ! 3 s\u00e9ances d&rsquo;essai sur un mois[\/vc_column_text][vc_basic_grid post_type=\u00a0\u00bbpost\u00a0\u00bb max_items=\u00a0\u00bb10&Prime; element_width=\u00a0\u00bb3&Prime; gap=\u00a0\u00bb20&Prime; item=\u00a0\u00bb9520&Prime; grid_id=\u00a0\u00bbvc_gid:1726821548197-bfee46f0a7b40a615ef04dde0ec095e1-0&Prime; taxonomies=\u00a0\u00bb92&Prime;][\/vc_column][\/vc_row][vc_row full_width=\u00a0\u00bbstretch_row\u00a0\u00bb css_animation=\u00a0\u00bbbottom-to-top\u00a0\u00bb css=\u00a0\u00bb.vc_custom_1625070139583{margin-bottom: 20px !important;}\u00a0\u00bb][vc_column][vc_column_text]<\/p>\n<h2><strong>Les doux<\/strong><\/h2>\n<p>Des approches douces, qui travaillent en profondeur.[\/vc_column_text][vc_row_inner][vc_column_inner][vc_basic_grid post_type=\u00a0\u00bbpost\u00a0\u00bb max_items=\u00a0\u00bb10&Prime; element_width=\u00a0\u00bb3&Prime; gap=\u00a0\u00bb20&Prime; item=\u00a0\u00bb9837&Prime; grid_id=\u00a0\u00bbvc_gid:1726821548273-6ac9e1170a8a3f2de2be3fb9328702a8-7&Prime; taxonomies=\u00a0\u00bb90&Prime;][\/vc_column_inner][\/vc_row_inner][\/vc_column][\/vc_row][vc_row full_width=\u00a0\u00bbstretch_row\u00a0\u00bb equal_height=\u00a0\u00bbyes\u00a0\u00bb css_animation=\u00a0\u00bbbottom-to-top\u00a0\u00bb css=\u00a0\u00bb.vc_custom_1624008693881{padding-bottom: 20px !important;background-color: #e5f4ec !important;}\u00a0\u00bb][vc_column css=\u00a0\u00bb.vc_custom_1623968503131{background-position: center !important;background-repeat: no-repeat !important;background-size: cover !important;}\u00a0\u00bb][vc_column_text]<\/p>\n<h2><strong>Les dynamiques<\/strong><\/h2>\n<p>Des approches plus toniques, pour dynamiser sa pratique.[\/vc_column_text][vc_basic_grid post_type=\u00a0\u00bbpost\u00a0\u00bb max_items=\u00a0\u00bb10&Prime; element_width=\u00a0\u00bb3&Prime; gap=\u00a0\u00bb20&Prime; item=\u00a0\u00bb9520&Prime; grid_id=\u00a0\u00bbvc_gid:1726821548341-ebbe7b09fc1bd9107b585e59c62ed19c-4&Prime; taxonomies=\u00a0\u00bb93&Prime;][\/vc_column][\/vc_row][vc_row full_width=\u00a0\u00bbstretch_row\u00a0\u00bb css_animation=\u00a0\u00bbbottom-to-top\u00a0\u00bb][vc_column width=\u00a0\u00bb1\/2&Prime;][vc_column_text]<\/p>\n<h2><strong>Les sp\u00e9cifiques<\/strong><\/h2>\n<p>Le yoga peut \u00e9galement avoir un int\u00e9r\u00eat pour certaines probl\u00e9matiques pr\u00e9cises et peut \u00eatre int\u00e9gr\u00e9 dans votre routine th\u00e9rapeutique. N&rsquo;h\u00e9sitez pas \u00e0 nous contacter afin de discuter de votre situation en particulier.[\/vc_column_text][\/vc_column][vc_column width=\u00a0\u00bb1\/2&Prime;][\/vc_column][\/vc_row][vc_row][vc_column][vc_basic_grid post_type=\u00a0\u00bbpost\u00a0\u00bb max_items=\u00a0\u00bb10&Prime; element_width=\u00a0\u00bb3&Prime; gap=\u00a0\u00bb20&Prime; item=\u00a0\u00bb9837&Prime; grid_id=\u00a0\u00bbvc_gid:1726821548457-051c6ffd88829f1b3732e9336f5728ca-2&Prime; taxonomies=\u00a0\u00bb94&Prime;][\/vc_column][\/vc_row][vc_row][vc_column][vc_empty_space][\/vc_column][\/vc_row]<\/p>\n","protected":false},"excerpt":{"rendered":"<p>[vc_row full_width=\u00a0\u00bbstretch_row\u00a0\u00bb equal_height=\u00a0\u00bbyes\u00a0\u00bb content_placement=\u00a0\u00bbmiddle\u00a0\u00bb css=\u00a0\u00bb.vc_custom_1623710780731{padding-top: 30px !important;padding-bottom: 30px !important;}\u00a0\u00bb][vc_column width=\u00a0\u00bb1\/2&Prime;][vc_column_text] NOS ACTIVIT\u00c9S [\/vc_column_text][vc_btn title=\u00a0\u00bbVOIR NOS PROFESSEURS\u00a0\u00bb style=\u00a0\u00bboutline-custom\u00a0\u00bb outline_custom_color=\u00a0\u00bb#2a504d\u00a0\u00bb outline_custom_hover_background=\u00a0\u00bb#2a504d\u00a0\u00bb outline_custom_hover_text=\u00a0\u00bb#ffffff\u00a0\u00bb shape=\u00a0\u00bbsquare\u00a0\u00bb size=\u00a0\u00bbsm\u00a0\u00bb link=\u00a0\u00bburl:http%3A%2F%2Fyogaandco.fr\/site%2F%3Fpage_id%3D294|title:PLANNING|target:_blank\u00a0\u00bb][vc_btn title=\u00a0\u00bbVOIR LE PLANNING\u00a0\u00bb style=\u00a0\u00bboutline-custom\u00a0\u00bb outline_custom_color=\u00a0\u00bb#2a504d\u00a0\u00bb outline_custom_hover_background=\u00a0\u00bb#2a504d\u00a0\u00bb outline_custom_hover_text=\u00a0\u00bb#ffffff\u00a0\u00bb shape=\u00a0\u00bbsquare\u00a0\u00bb size=\u00a0\u00bbsm\u00a0\u00bb align=\u00a0\u00bbleft\u00a0\u00bb link=\u00a0\u00bburl:http%3A%2F%2Fyogaandco.fr\/site%2F%3Fpage_id%3D10146|title:PLANNING|target:_blank\u00a0\u00bb][\/vc_column][vc_column width=\u00a0\u00bb1\/2&Prime;][vc_column_text]Afin de convenir \u00e0 chacun, nous vous proposons un grand nombre d\u2019activit\u00e9s vari\u00e9es : des formes les plus classiques de yoga &hellip;<\/p>\n<p class=\"read-more\"> <a class=\"\" href=\"https:\/\/yogaandco.fr\/site\/activites-et-professeurs\/\"> <span class=\"screen-reader-text\">Activit\u00e9s<\/span> Lire la suite\u00a0\u00bb<\/a><\/p>\n","protected":false},"author":1,"featured_media":0,"parent":0,"menu_order":0,"comment_status":"closed","ping_status":"closed","template":"","meta":{"_monsterinsights_skip_tracking":false,"_monsterinsights_sitenote_active":false,"_monsterinsights_sitenote_note":"","_monsterinsights_sitenote_category":0,"footnotes":""},"class_list":["post-6","page","type-page","status-publish","hentry"],"yoast_head":"<!-- This site is optimized with the Yoast SEO plugin v16.8 - https:\/\/yoast.com\/wordpress\/plugins\/seo\/ -->\n<title>Activit\u00e9s - Yoga &amp; co<\/title>\n<meta name=\"robots\" content=\"index, follow, max-snippet:-1, max-image-preview:large, max-video-preview:-1\" \/>\n<link rel=\"canonical\" href=\"https:\/\/yogaandco.fr\/site\/activites-et-professeurs\/\" \/>\n<meta property=\"og:locale\" content=\"fr_FR\" \/>\n<meta property=\"og:type\" content=\"article\" \/>\n<meta property=\"og:title\" content=\"Activit\u00e9s - Yoga &amp; co\" \/>\n<meta property=\"og:description\" content=\"[vc_row full_width=\u00a0\u00bbstretch_row\u00a0\u00bb equal_height=\u00a0\u00bbyes\u00a0\u00bb content_placement=\u00a0\u00bbmiddle\u00a0\u00bb css=\u00a0\u00bb.vc_custom_1623710780731{padding-top: 30px !important;padding-bottom: 30px !important;}\u00a0\u00bb][vc_column width=\u00a0\u00bb1\/2&Prime;][vc_column_text] NOS ACTIVIT\u00c9S [\/vc_column_text][vc_btn title=\u00a0\u00bbVOIR NOS PROFESSEURS\u00a0\u00bb style=\u00a0\u00bboutline-custom\u00a0\u00bb outline_custom_color=\u00a0\u00bb#2a504d\u00a0\u00bb outline_custom_hover_background=\u00a0\u00bb#2a504d\u00a0\u00bb outline_custom_hover_text=\u00a0\u00bb#ffffff\u00a0\u00bb shape=\u00a0\u00bbsquare\u00a0\u00bb size=\u00a0\u00bbsm\u00a0\u00bb link=\u00a0\u00bburl:http%3A%2F%2Fyogaandco.fr\/site%2F%3Fpage_id%3D294|title:PLANNING|target:_blank\u00a0\u00bb][vc_btn title=\u00a0\u00bbVOIR LE PLANNING\u00a0\u00bb style=\u00a0\u00bboutline-custom\u00a0\u00bb outline_custom_color=\u00a0\u00bb#2a504d\u00a0\u00bb outline_custom_hover_background=\u00a0\u00bb#2a504d\u00a0\u00bb outline_custom_hover_text=\u00a0\u00bb#ffffff\u00a0\u00bb shape=\u00a0\u00bbsquare\u00a0\u00bb size=\u00a0\u00bbsm\u00a0\u00bb align=\u00a0\u00bbleft\u00a0\u00bb link=\u00a0\u00bburl:http%3A%2F%2Fyogaandco.fr\/site%2F%3Fpage_id%3D10146|title:PLANNING|target:_blank\u00a0\u00bb][\/vc_column][vc_column width=\u00a0\u00bb1\/2&Prime;][vc_column_text]Afin de convenir \u00e0 chacun, nous vous proposons un grand nombre d\u2019activit\u00e9s vari\u00e9es : des formes les plus classiques de yoga &hellip; Activit\u00e9s Lire la suite\u00a0\u00bb\" \/>\n<meta property=\"og:url\" content=\"https:\/\/yogaandco.fr\/site\/activites-et-professeurs\/\" \/>\n<meta property=\"og:site_name\" content=\"Yoga &amp; co\" \/>\n<meta property=\"article:modified_time\" content=\"2024-09-20T08:40:52+00:00\" \/>\n<meta name=\"twitter:label1\" content=\"Dur\u00e9e de lecture est.\" \/>\n\t<meta name=\"twitter:data1\" content=\"3 minutes\" \/>\n<script type=\"application\/ld+json\" class=\"yoast-schema-graph\">{\"@context\":\"https:\/\/schema.org\",\"@graph\":[{\"@type\":\"WebSite\",\"@id\":\"https:\/\/yogaandco.fr\/site\/#website\",\"url\":\"https:\/\/yogaandco.fr\/site\/\",\"name\":\"Yoga &amp; co\",\"description\":\"Yoga pour tous\",\"potentialAction\":[{\"@type\":\"SearchAction\",\"target\":{\"@type\":\"EntryPoint\",\"urlTemplate\":\"https:\/\/yogaandco.fr\/site\/?s={search_term_string}\"},\"query-input\":\"required name=search_term_string\"}],\"inLanguage\":\"fr-FR\"},{\"@type\":\"WebPage\",\"@id\":\"https:\/\/yogaandco.fr\/site\/activites-et-professeurs\/#webpage\",\"url\":\"https:\/\/yogaandco.fr\/site\/activites-et-professeurs\/\",\"name\":\"Activit\\u00e9s - Yoga &amp; co\",\"isPartOf\":{\"@id\":\"https:\/\/yogaandco.fr\/site\/#website\"},\"datePublished\":\"2012-07-02T13:50:36+00:00\",\"dateModified\":\"2024-09-20T08:40:52+00:00\",\"breadcrumb\":{\"@id\":\"https:\/\/yogaandco.fr\/site\/activites-et-professeurs\/#breadcrumb\"},\"inLanguage\":\"fr-FR\",\"potentialAction\":[{\"@type\":\"ReadAction\",\"target\":[\"https:\/\/yogaandco.fr\/site\/activites-et-professeurs\/\"]}]},{\"@type\":\"BreadcrumbList\",\"@id\":\"https:\/\/yogaandco.fr\/site\/activites-et-professeurs\/#breadcrumb\",\"itemListElement\":[{\"@type\":\"ListItem\",\"position\":1,\"name\":\"Accueil\",\"item\":\"https:\/\/yogaandco.fr\/site\/\"},{\"@type\":\"ListItem\",\"position\":2,\"name\":\"Activit\\u00e9s\"}]}]}<\/script>\n<!-- \/ Yoast SEO plugin. -->","yoast_head_json":{"title":"Activit\u00e9s - Yoga &amp; co","robots":{"index":"index","follow":"follow","max-snippet":"max-snippet:-1","max-image-preview":"max-image-preview:large","max-video-preview":"max-video-preview:-1"},"canonical":"https:\/\/yogaandco.fr\/site\/activites-et-professeurs\/","og_locale":"fr_FR","og_type":"article","og_title":"Activit\u00e9s - Yoga &amp; co","og_description":"[vc_row full_width=\u00a0\u00bbstretch_row\u00a0\u00bb equal_height=\u00a0\u00bbyes\u00a0\u00bb content_placement=\u00a0\u00bbmiddle\u00a0\u00bb css=\u00a0\u00bb.vc_custom_1623710780731{padding-top: 30px !important;padding-bottom: 30px !important;}\u00a0\u00bb][vc_column width=\u00a0\u00bb1\/2&Prime;][vc_column_text] NOS ACTIVIT\u00c9S [\/vc_column_text][vc_btn title=\u00a0\u00bbVOIR NOS PROFESSEURS\u00a0\u00bb style=\u00a0\u00bboutline-custom\u00a0\u00bb outline_custom_color=\u00a0\u00bb#2a504d\u00a0\u00bb outline_custom_hover_background=\u00a0\u00bb#2a504d\u00a0\u00bb outline_custom_hover_text=\u00a0\u00bb#ffffff\u00a0\u00bb shape=\u00a0\u00bbsquare\u00a0\u00bb size=\u00a0\u00bbsm\u00a0\u00bb link=\u00a0\u00bburl:http%3A%2F%2Fyogaandco.fr\/site%2F%3Fpage_id%3D294|title:PLANNING|target:_blank\u00a0\u00bb][vc_btn title=\u00a0\u00bbVOIR LE PLANNING\u00a0\u00bb style=\u00a0\u00bboutline-custom\u00a0\u00bb outline_custom_color=\u00a0\u00bb#2a504d\u00a0\u00bb outline_custom_hover_background=\u00a0\u00bb#2a504d\u00a0\u00bb outline_custom_hover_text=\u00a0\u00bb#ffffff\u00a0\u00bb shape=\u00a0\u00bbsquare\u00a0\u00bb size=\u00a0\u00bbsm\u00a0\u00bb align=\u00a0\u00bbleft\u00a0\u00bb link=\u00a0\u00bburl:http%3A%2F%2Fyogaandco.fr\/site%2F%3Fpage_id%3D10146|title:PLANNING|target:_blank\u00a0\u00bb][\/vc_column][vc_column width=\u00a0\u00bb1\/2&Prime;][vc_column_text]Afin de convenir \u00e0 chacun, nous vous proposons un grand nombre d\u2019activit\u00e9s vari\u00e9es : des formes les plus classiques de yoga &hellip; Activit\u00e9s Lire la suite\u00a0\u00bb","og_url":"https:\/\/yogaandco.fr\/site\/activites-et-professeurs\/","og_site_name":"Yoga &amp; co","article_modified_time":"2024-09-20T08:40:52+00:00","twitter_misc":{"Dur\u00e9e de lecture est.":"3 minutes"},"schema":{"@context":"https:\/\/schema.org","@graph":[{"@type":"WebSite","@id":"https:\/\/yogaandco.fr\/site\/#website","url":"https:\/\/yogaandco.fr\/site\/","name":"Yoga &amp; co","description":"Yoga pour tous","potentialAction":[{"@type":"SearchAction","target":{"@type":"EntryPoint","urlTemplate":"https:\/\/yogaandco.fr\/site\/?s={search_term_string}"},"query-input":"required name=search_term_string"}],"inLanguage":"fr-FR"},{"@type":"WebPage","@id":"https:\/\/yogaandco.fr\/site\/activites-et-professeurs\/#webpage","url":"https:\/\/yogaandco.fr\/site\/activites-et-professeurs\/","name":"Activit\u00e9s - Yoga &amp; co","isPartOf":{"@id":"https:\/\/yogaandco.fr\/site\/#website"},"datePublished":"2012-07-02T13:50:36+00:00","dateModified":"2024-09-20T08:40:52+00:00","breadcrumb":{"@id":"https:\/\/yogaandco.fr\/site\/activites-et-professeurs\/#breadcrumb"},"inLanguage":"fr-FR","potentialAction":[{"@type":"ReadAction","target":["https:\/\/yogaandco.fr\/site\/activites-et-professeurs\/"]}]},{"@type":"BreadcrumbList","@id":"https:\/\/yogaandco.fr\/site\/activites-et-professeurs\/#breadcrumb","itemListElement":[{"@type":"ListItem","position":1,"name":"Accueil","item":"https:\/\/yogaandco.fr\/site\/"},{"@type":"ListItem","position":2,"name":"Activit\u00e9s"}]}]}},"_links":{"self":[{"href":"https:\/\/yogaandco.fr\/site\/wp-json\/wp\/v2\/pages\/6"}],"collection":[{"href":"https:\/\/yogaandco.fr\/site\/wp-json\/wp\/v2\/pages"}],"about":[{"href":"https:\/\/yogaandco.fr\/site\/wp-json\/wp\/v2\/types\/page"}],"author":[{"embeddable":true,"href":"https:\/\/yogaandco.fr\/site\/wp-json\/wp\/v2\/users\/1"}],"replies":[{"embeddable":true,"href":"https:\/\/yogaandco.fr\/site\/wp-json\/wp\/v2\/comments?post=6"}],"version-history":[{"count":390,"href":"https:\/\/yogaandco.fr\/site\/wp-json\/wp\/v2\/pages\/6\/revisions"}],"predecessor-version":[{"id":12674,"href":"https:\/\/yogaandco.fr\/site\/wp-json\/wp\/v2\/pages\/6\/revisions\/12674"}],"wp:attachment":[{"href":"https:\/\/yogaandco.fr\/site\/wp-json\/wp\/v2\/media?parent=6"}],"curies":[{"name":"wp","href":"https:\/\/api.w.org\/{rel}","templated":true}]}}