{"id":9403,"date":"2021-06-12T19:55:12","date_gmt":"2021-06-12T18:55:12","guid":{"rendered":"http:\/\/yogaandco.fr\/site\/1619974057036\/?page_id=9403"},"modified":"2022-05-24T17:25:17","modified_gmt":"2022-05-24T16:25:17","slug":"notre-offre","status":"publish","type":"page","link":"https:\/\/yogaandco.fr\/site\/notre-offre\/","title":{"rendered":"NOTRE OFFRE"},"content":{"rendered":"<p>[vc_row css=\u00a0\u00bb.vc_custom_1626512622703{margin-top: 30px !important;padding-top: 30px !important;}\u00a0\u00bb][vc_column width=\u00a0\u00bb1\/2&Prime;][vc_column_text]<\/p>\n<h1 style=\"text-align: left;\">LA PRATIQUE CHEZ YOGA &amp; CO<\/h1>\n<p>[\/vc_column_text][\/vc_column][vc_column width=\u00a0\u00bb1\/2&Prime;][vc_column_text]Afin de convenir aux envies et aux possibilit\u00e9s de chacun, nous avons d\u00e9velopp\u00e9 une large offre pour que chacun fa\u00e7onne sa pratique comme il le souhaite. Ateliers \u00e9venementiels, activit\u00e9 r\u00e9guli\u00e8re, soins, il y en a pour tous les go\u00fbts ![\/vc_column_text][\/vc_column][\/vc_row][vc_row full_width=\u00a0\u00bbstretch_row\u00a0\u00bb equal_height=\u00a0\u00bbyes\u00a0\u00bb content_placement=\u00a0\u00bbmiddle\u00a0\u00bb css_animation=\u00a0\u00bbbottom-to-top\u00a0\u00bb css=\u00a0\u00bb.vc_custom_1625071078505{background-position: center !important;background-repeat: no-repeat !important;background-size: cover !important;}\u00a0\u00bb][vc_column width=\u00a0\u00bb1\/2&Prime; css=\u00a0\u00bb.vc_custom_1626512806821{background-image: url(https:\/\/yogaandco.fr\/site\/wp-content\/uploads\/2021\/06\/TL_DSC0170-scaled.jpg?id=9782) !important;background-position: center !important;background-repeat: no-repeat !important;background-size: cover !important;}\u00a0\u00bb offset=\u00a0\u00bbvc_col-lg-offset-0 vc_col-xs-12&Prime;][vc_empty_space height=\u00a0\u00bb400&Prime;][\/vc_column][vc_column width=\u00a0\u00bb1\/2&Prime; css=\u00a0\u00bb.vc_custom_1625071090204{padding-top: 50px !important;padding-right: 50px !important;padding-bottom: 50px !important;padding-left: 50px !important;background-color: rgba(97,127,226,0.25) !important;*background-color: rgb(97,127,226) !important;}\u00a0\u00bb][vc_column_text css=\u00a0\u00bb.vc_custom_1623965754879{background-position: center !important;background-repeat: no-repeat !important;background-size: contain !important;}\u00a0\u00bb]<\/p>\n<h2 style=\"text-align: left;\"><span style=\"color: #617fe2;\">DES ACTIVIT\u00c9S<\/span><\/h2>\n<p><span style=\"color: #617fe2;\">Afin de convenir \u00e0 chacun, nous vous proposons un grand nombre d\u2019activit\u00e9s vari\u00e9es : des formes les plus classiques de yoga aux plus originales. Quelque soit votre niveau, votre \u00e2ge, vos go\u00fbts, vous trouverez votre bonheur !<\/span><\/p>\n<p><span style=\"color: #617fe2;\">Nos activit\u00e9s sont \u00e0 heures fixes, chaque semaine, pour une pratique r\u00e9guli\u00e8re.<\/span>[\/vc_column_text][vc_btn title=\u00a0\u00bbVOIR NOS ACTIVIT\u00c9S\u00a0\u00bb style=\u00a0\u00bboutline-custom\u00a0\u00bb outline_custom_color=\u00a0\u00bb#617fe2&Prime; outline_custom_hover_background=\u00a0\u00bb#617fe2&Prime; outline_custom_hover_text=\u00a0\u00bb#ffffff\u00a0\u00bb shape=\u00a0\u00bbsquare\u00a0\u00bb size=\u00a0\u00bbsm\u00a0\u00bb link=\u00a0\u00bburl:http%3A%2F%2Fyogaandco.fr\/site%2F%3Fpage_id%3D6|title:Activit%C3%A9s\u00a0\u00bb][\/vc_column][\/vc_row][vc_row full_width=\u00a0\u00bbstretch_row\u00a0\u00bb equal_height=\u00a0\u00bbyes\u00a0\u00bb content_placement=\u00a0\u00bbmiddle\u00a0\u00bb css_animation=\u00a0\u00bbbottom-to-top\u00a0\u00bb css=\u00a0\u00bb.vc_custom_1625071100431{background-position: center !important;background-repeat: no-repeat !important;background-size: cover !important;}\u00a0\u00bb][vc_column width=\u00a0\u00bb1\/2&Prime; css=\u00a0\u00bb.vc_custom_1625071224698{padding-top: 50px !important;padding-right: 50px !important;padding-bottom: 50px !important;padding-left: 50px !important;background-color: rgba(231,232,232,0.35) !important;*background-color: rgb(231,232,232) !important;}\u00a0\u00bb][vc_column_text css=\u00a0\u00bb.vc_custom_1623965766700{background-position: center !important;background-repeat: no-repeat !important;background-size: contain !important;}\u00a0\u00bb]<\/p>\n<h2 style=\"text-align: left;\">DES ATELIERS<\/h2>\n<p>R\u00e9guli\u00e8rement, nous mettons en place des ateliers \u00e9venementiels qui ont pour but de vous permettre d\u2019approfondir une discipline ou un th\u00e8me. Vous pourrez y poser des questions, vous confronter \u00e0 des postures ou des exercices nouveaux et ainsi \u00e9voluer dans votre pratique.[\/vc_column_text][vc_btn title=\u00a0\u00bbVOIR NOS PROCHAINS ATELIERS\u00a0\u00bb style=\u00a0\u00bboutline-custom\u00a0\u00bb outline_custom_color=\u00a0\u00bb#2a504d\u00a0\u00bb outline_custom_hover_background=\u00a0\u00bb#2a504d\u00a0\u00bb outline_custom_hover_text=\u00a0\u00bb#ffffff\u00a0\u00bb shape=\u00a0\u00bbsquare\u00a0\u00bb size=\u00a0\u00bbsm\u00a0\u00bb link=\u00a0\u00bburl:http%3A%2F%2Fyogaandco.fr\/site%2F%3Fpage_id%3D9411|title:Activit%C3%A9s\u00a0\u00bb][\/vc_column][vc_column width=\u00a0\u00bb1\/2&Prime; css=\u00a0\u00bb.vc_custom_1626423647437{background-image: url(https:\/\/yogaandco.fr\/site\/wp-content\/uploads\/2021\/07\/TL_DSC0098-scaled.jpg?id=10048) !important;background-position: center !important;background-repeat: no-repeat !important;background-size: cover !important;}\u00a0\u00bb][vc_empty_space height=\u00a0\u00bb400&Prime;][\/vc_column][\/vc_row][vc_row full_width=\u00a0\u00bbstretch_row\u00a0\u00bb equal_height=\u00a0\u00bbyes\u00a0\u00bb content_placement=\u00a0\u00bbmiddle\u00a0\u00bb css_animation=\u00a0\u00bbbottom-to-top\u00a0\u00bb css=\u00a0\u00bb.vc_custom_1625071142314{background-position: center !important;background-repeat: no-repeat !important;background-size: cover !important;}\u00a0\u00bb][vc_column width=\u00a0\u00bb1\/2&Prime; css=\u00a0\u00bb.vc_custom_1625071245886{background-image: url(https:\/\/yogaandco.fr\/site\/wp-content\/uploads\/2021\/06\/TL_DSC0436-1-scaled.jpg?id=9792) !important;background-position: center !important;background-repeat: no-repeat !important;background-size: cover !important;}\u00a0\u00bb offset=\u00a0\u00bbvc_hidden-sm vc_hidden-xs\u00a0\u00bb][vc_empty_space height=\u00a0\u00bb400&Prime;][\/vc_column][vc_column width=\u00a0\u00bb1\/2&Prime; css=\u00a0\u00bb.vc_custom_1625071149785{padding-top: 50px !important;padding-right: 50px !important;padding-bottom: 50px !important;padding-left: 50px !important;background-color: rgba(0,94,56,0.16) !important;*background-color: rgb(0,94,56) !important;}\u00a0\u00bb][vc_column_text css=\u00a0\u00bb.vc_custom_1623965819687{background-position: center !important;background-repeat: no-repeat !important;background-size: contain !important;}\u00a0\u00bb]<\/p>\n<h2 style=\"text-align: left;\">DES SOINS<\/h2>\n<p>Yoga &amp; Co est aussi un espace\u00a0<strong>bien-\u00eatre\u00a0<\/strong>qui vous propose tout au long de la semaine des\u00a0<strong>soins <\/strong>et des s\u00e9ances individuelles pour prendre soin de votre corps et de votre esprit.[\/vc_column_text][vc_btn title=\u00a0\u00bbVOIR NOS SOINS\u00a0\u00bb style=\u00a0\u00bboutline-custom\u00a0\u00bb outline_custom_color=\u00a0\u00bb#2a504d\u00a0\u00bb outline_custom_hover_background=\u00a0\u00bb#2a504d\u00a0\u00bb outline_custom_hover_text=\u00a0\u00bb#ffffff\u00a0\u00bb shape=\u00a0\u00bbsquare\u00a0\u00bb size=\u00a0\u00bbsm\u00a0\u00bb link=\u00a0\u00bburl:https%3A%2F%2Fyogaandco.fr%2Fsite%2Fnos-soins%2F|title:Activit%C3%A9s\u00a0\u00bb][\/vc_column][\/vc_row][vc_row full_width=\u00a0\u00bbstretch_row\u00a0\u00bb equal_height=\u00a0\u00bbyes\u00a0\u00bb content_placement=\u00a0\u00bbmiddle\u00a0\u00bb css_animation=\u00a0\u00bbbottom-to-top\u00a0\u00bb css=\u00a0\u00bb.vc_custom_1625071186091{background-position: center !important;background-repeat: no-repeat !important;background-size: cover !important;}\u00a0\u00bb][vc_column width=\u00a0\u00bb1\/2&Prime; css=\u00a0\u00bb.vc_custom_1625071195181{padding-top: 50px !important;padding-right: 50px !important;padding-bottom: 50px !important;padding-left: 50px !important;background-color: rgba(231,232,232,0.35) !important;*background-color: rgb(231,232,232) !important;}\u00a0\u00bb][vc_column_text css=\u00a0\u00bb.vc_custom_1623966938398{background-position: center !important;background-repeat: no-repeat !important;background-size: contain !important;}\u00a0\u00bb]<\/p>\n<h2>DES FORMATIONS<\/h2>\n<p>Vous avez r\u00e9guli\u00e8rement la possibilit\u00e9 de participer \u00e0 des formations sur des th\u00e9matiques proches de nos apprentissages. Les d\u00e9tails de chaque formation (prix, horaires, niveau) sont disponibles en cliquant sur la formation qui vous int\u00e9resse.[\/vc_column_text][vc_btn title=\u00a0\u00bbVOIR NOS FORMATIONS\u00a0\u00bb style=\u00a0\u00bboutline-custom\u00a0\u00bb outline_custom_color=\u00a0\u00bb#2a504d\u00a0\u00bb outline_custom_hover_background=\u00a0\u00bb#2a504d\u00a0\u00bb outline_custom_hover_text=\u00a0\u00bb#ffffff\u00a0\u00bb shape=\u00a0\u00bbsquare\u00a0\u00bb size=\u00a0\u00bbsm\u00a0\u00bb link=\u00a0\u00bburl:http%3A%2F%2Fyogaandco.fr\/site%2F%3Fpage_id%3D9551|title:Activit%C3%A9s\u00a0\u00bb][\/vc_column][vc_column width=\u00a0\u00bb1\/2&Prime; css=\u00a0\u00bb.vc_custom_1625071284279{background-image: url(https:\/\/yogaandco.fr\/site\/wp-content\/uploads\/2021\/06\/TL_DSC0200-scaled.jpg?id=9784) !important;background-position: center !important;background-repeat: no-repeat !important;background-size: cover !important;}\u00a0\u00bb][vc_empty_space height=\u00a0\u00bb400&Prime;][\/vc_column][\/vc_row][vc_row full_width=\u00a0\u00bbstretch_row\u00a0\u00bb equal_height=\u00a0\u00bbyes\u00a0\u00bb content_placement=\u00a0\u00bbmiddle\u00a0\u00bb css_animation=\u00a0\u00bbbottom-to-top\u00a0\u00bb css=\u00a0\u00bb.vc_custom_1625071078505{background-position: center !important;background-repeat: no-repeat !important;background-size: cover !important;}\u00a0\u00bb][vc_column width=\u00a0\u00bb1\/2&Prime; css=\u00a0\u00bb.vc_custom_1636456308720{background-image: url(https:\/\/yogaandco.fr\/site\/wp-content\/uploads\/2021\/06\/TL_DSC0077-1-scaled.jpg?id=9781) !important;background-position: center !important;background-repeat: no-repeat !important;background-size: cover !important;}\u00a0\u00bb][vc_empty_space height=\u00a0\u00bb400&Prime;][\/vc_column][vc_column width=\u00a0\u00bb1\/2&Prime; css=\u00a0\u00bb.vc_custom_1625071090204{padding-top: 50px !important;padding-right: 50px !important;padding-bottom: 50px !important;padding-left: 50px !important;background-color: rgba(97,127,226,0.25) !important;*background-color: rgb(97,127,226) !important;}\u00a0\u00bb][vc_column_text css=\u00a0\u00bb.vc_custom_1625071354679{background-position: center !important;background-repeat: no-repeat !important;background-size: contain !important;}\u00a0\u00bb]<\/p>\n<h2 style=\"text-align: left;\"><span style=\"color: #617fe2;\">DES SEANCES DANS VOTRE ENTREPRISE<\/span><\/h2>\n<p><span style=\"color: #617fe2;\">Il est reconnu \u00e0 pr\u00e9sent que le bien-\u00eatre joue un r\u00f4le essentiel dans les entreprises. Nous nous d\u00e9pla\u00e7ons ou vous accueillons nos locaux pour des s\u00e9ances sur mesure satisfaisant les besoins de vos collaborateurs : yoga sur chaise, m\u00e9ditation, yoga dynamique, Pilates&#8230;. Un moment pour se retrouver, se recentrer, am\u00e9liorer votre concentration et \u00eatre plus heureux au travail.<\/span>[\/vc_column_text][vc_btn title=\u00a0\u00bbCONTACTEZ-NOUS !\u00a0\u00bb style=\u00a0\u00bboutline-custom\u00a0\u00bb outline_custom_color=\u00a0\u00bb#617fe2&Prime; outline_custom_hover_background=\u00a0\u00bb#617fe2&Prime; outline_custom_hover_text=\u00a0\u00bb#ffffff\u00a0\u00bb shape=\u00a0\u00bbsquare\u00a0\u00bb size=\u00a0\u00bbsm\u00a0\u00bb link=\u00a0\u00bburl:http%3A%2F%2Fyogaandco.fr\/site%2F%3Fpage_id%3D9738|title:Activit%C3%A9s\u00a0\u00bb][\/vc_column][\/vc_row][vc_row full_width=\u00a0\u00bbstretch_row\u00a0\u00bb equal_height=\u00a0\u00bbyes\u00a0\u00bb content_placement=\u00a0\u00bbmiddle\u00a0\u00bb css_animation=\u00a0\u00bbbottom-to-top\u00a0\u00bb css=\u00a0\u00bb.vc_custom_1625071186091{background-position: center !important;background-repeat: no-repeat !important;background-size: cover !important;}\u00a0\u00bb][vc_column width=\u00a0\u00bb1\/2&Prime; css=\u00a0\u00bb.vc_custom_1625071195181{padding-top: 50px !important;padding-right: 50px !important;padding-bottom: 50px !important;padding-left: 50px !important;background-color: rgba(231,232,232,0.35) !important;*background-color: rgb(231,232,232) !important;}\u00a0\u00bb][vc_column_text css=\u00a0\u00bb.vc_custom_1649148126224{background-position: center !important;background-repeat: no-repeat !important;background-size: contain !important;}\u00a0\u00bb]<\/p>\n<h2>DES S\u00c9JOURS ET DES STAGES<\/h2>\n<p>Sortons de Paris et retrouvons-nous \u00e0 l\u2019occasion de vacances yogiques ou de stages.<br \/>\nParticipant.es ou organisateur.es de ces s\u00e9jours, nous vous les recommandons en toute confiance et restons \u00e0 votre disposition pour tout renseignement.[\/vc_column_text][vc_btn title=\u00a0\u00bbVOIR NOS S\u00c9JOURS ET STAGES\u00a0\u00bb style=\u00a0\u00bboutline-custom\u00a0\u00bb outline_custom_color=\u00a0\u00bb#2a504d\u00a0\u00bb outline_custom_hover_background=\u00a0\u00bb#2a504d\u00a0\u00bb outline_custom_hover_text=\u00a0\u00bb#ffffff\u00a0\u00bb shape=\u00a0\u00bbsquare\u00a0\u00bb size=\u00a0\u00bbsm\u00a0\u00bb link=\u00a0\u00bburl:https%3A%2F%2Fyogaandco.fr%2Fsite%2Fnos-formations-2%2F|title:S%C3%89JOURS\u00a0\u00bb][\/vc_column][vc_column width=\u00a0\u00bb1\/2&Prime; css=\u00a0\u00bb.vc_custom_1649148211125{background-image: url(https:\/\/yogaandco.fr\/site\/wp-content\/uploads\/2021\/09\/NADEGE-1-scaled.jpg?id=10863) !important;background-position: center !important;background-repeat: no-repeat !important;background-size: cover !important;}\u00a0\u00bb][vc_empty_space height=\u00a0\u00bb400&Prime;][\/vc_column][\/vc_row][vc_row][vc_column][vc_empty_space height=\u00a0\u00bb50&Prime;][\/vc_column][\/vc_row]<\/p>\n","protected":false},"excerpt":{"rendered":"<p>[vc_row css=\u00a0\u00bb.vc_custom_1626512622703{margin-top: 30px !important;padding-top: 30px !important;}\u00a0\u00bb][vc_column width=\u00a0\u00bb1\/2&Prime;][vc_column_text] LA PRATIQUE CHEZ YOGA &amp; CO [\/vc_column_text][\/vc_column][vc_column width=\u00a0\u00bb1\/2&Prime;][vc_column_text]Afin de convenir aux envies et aux possibilit\u00e9s de chacun, nous avons d\u00e9velopp\u00e9 une large offre pour que chacun fa\u00e7onne sa pratique comme il le souhaite. Ateliers \u00e9venementiels, activit\u00e9 r\u00e9guli\u00e8re, soins, il y en a pour tous les go\u00fbts ![\/vc_column_text][\/vc_column][\/vc_row][vc_row full_width=\u00a0\u00bbstretch_row\u00a0\u00bb &hellip;<\/p>\n<p class=\"read-more\"> <a class=\"\" href=\"https:\/\/yogaandco.fr\/site\/notre-offre\/\"> <span class=\"screen-reader-text\">NOTRE OFFRE<\/span> Lire la suite\u00a0\u00bb<\/a><\/p>\n","protected":false},"author":2,"featured_media":0,"parent":0,"menu_order":0,"comment_status":"closed","ping_status":"closed","template":"","meta":{"_monsterinsights_skip_tracking":false,"_monsterinsights_sitenote_active":false,"_monsterinsights_sitenote_note":"","_monsterinsights_sitenote_category":0,"footnotes":""},"class_list":["post-9403","page","type-page","status-publish","hentry"],"yoast_head":"<!-- This site is optimized with the Yoast SEO plugin v16.8 - https:\/\/yoast.com\/wordpress\/plugins\/seo\/ -->\n<title>NOTRE OFFRE - Yoga &amp; co<\/title>\n<meta name=\"robots\" content=\"index, follow, max-snippet:-1, max-image-preview:large, max-video-preview:-1\" \/>\n<link rel=\"canonical\" href=\"https:\/\/yogaandco.fr\/site\/notre-offre\/\" \/>\n<meta property=\"og:locale\" content=\"fr_FR\" \/>\n<meta property=\"og:type\" content=\"article\" \/>\n<meta property=\"og:title\" content=\"NOTRE OFFRE - Yoga &amp; co\" \/>\n<meta property=\"og:description\" content=\"[vc_row css=\u00a0\u00bb.vc_custom_1626512622703{margin-top: 30px !important;padding-top: 30px !important;}\u00a0\u00bb][vc_column width=\u00a0\u00bb1\/2&Prime;][vc_column_text] LA PRATIQUE CHEZ YOGA &amp; CO [\/vc_column_text][\/vc_column][vc_column width=\u00a0\u00bb1\/2&Prime;][vc_column_text]Afin de convenir aux envies et aux possibilit\u00e9s de chacun, nous avons d\u00e9velopp\u00e9 une large offre pour que chacun fa\u00e7onne sa pratique comme il le souhaite. Ateliers \u00e9venementiels, activit\u00e9 r\u00e9guli\u00e8re, soins, il y en a pour tous les go\u00fbts ![\/vc_column_text][\/vc_column][\/vc_row][vc_row full_width=\u00a0\u00bbstretch_row\u00a0\u00bb &hellip; NOTRE OFFRE Lire la suite\u00a0\u00bb\" \/>\n<meta property=\"og:url\" content=\"https:\/\/yogaandco.fr\/site\/notre-offre\/\" \/>\n<meta property=\"og:site_name\" content=\"Yoga &amp; co\" \/>\n<meta property=\"article:modified_time\" content=\"2022-05-24T16:25:17+00:00\" \/>\n<meta name=\"twitter:label1\" content=\"Dur\u00e9e de lecture est.\" \/>\n\t<meta name=\"twitter:data1\" content=\"3 minutes\" \/>\n<script type=\"application\/ld+json\" class=\"yoast-schema-graph\">{\"@context\":\"https:\/\/schema.org\",\"@graph\":[{\"@type\":\"WebSite\",\"@id\":\"https:\/\/yogaandco.fr\/site\/#website\",\"url\":\"https:\/\/yogaandco.fr\/site\/\",\"name\":\"Yoga &amp; co\",\"description\":\"Yoga pour tous\",\"potentialAction\":[{\"@type\":\"SearchAction\",\"target\":{\"@type\":\"EntryPoint\",\"urlTemplate\":\"https:\/\/yogaandco.fr\/site\/?s={search_term_string}\"},\"query-input\":\"required name=search_term_string\"}],\"inLanguage\":\"fr-FR\"},{\"@type\":\"WebPage\",\"@id\":\"https:\/\/yogaandco.fr\/site\/notre-offre\/#webpage\",\"url\":\"https:\/\/yogaandco.fr\/site\/notre-offre\/\",\"name\":\"NOTRE OFFRE - Yoga &amp; co\",\"isPartOf\":{\"@id\":\"https:\/\/yogaandco.fr\/site\/#website\"},\"datePublished\":\"2021-06-12T18:55:12+00:00\",\"dateModified\":\"2022-05-24T16:25:17+00:00\",\"breadcrumb\":{\"@id\":\"https:\/\/yogaandco.fr\/site\/notre-offre\/#breadcrumb\"},\"inLanguage\":\"fr-FR\",\"potentialAction\":[{\"@type\":\"ReadAction\",\"target\":[\"https:\/\/yogaandco.fr\/site\/notre-offre\/\"]}]},{\"@type\":\"BreadcrumbList\",\"@id\":\"https:\/\/yogaandco.fr\/site\/notre-offre\/#breadcrumb\",\"itemListElement\":[{\"@type\":\"ListItem\",\"position\":1,\"name\":\"Accueil\",\"item\":\"https:\/\/yogaandco.fr\/site\/\"},{\"@type\":\"ListItem\",\"position\":2,\"name\":\"NOTRE OFFRE\"}]}]}<\/script>\n<!-- \/ Yoast SEO plugin. -->","yoast_head_json":{"title":"NOTRE OFFRE - Yoga &amp; co","robots":{"index":"index","follow":"follow","max-snippet":"max-snippet:-1","max-image-preview":"max-image-preview:large","max-video-preview":"max-video-preview:-1"},"canonical":"https:\/\/yogaandco.fr\/site\/notre-offre\/","og_locale":"fr_FR","og_type":"article","og_title":"NOTRE OFFRE - Yoga &amp; co","og_description":"[vc_row css=\u00a0\u00bb.vc_custom_1626512622703{margin-top: 30px !important;padding-top: 30px !important;}\u00a0\u00bb][vc_column width=\u00a0\u00bb1\/2&Prime;][vc_column_text] LA PRATIQUE CHEZ YOGA &amp; CO [\/vc_column_text][\/vc_column][vc_column width=\u00a0\u00bb1\/2&Prime;][vc_column_text]Afin de convenir aux envies et aux possibilit\u00e9s de chacun, nous avons d\u00e9velopp\u00e9 une large offre pour que chacun fa\u00e7onne sa pratique comme il le souhaite. Ateliers \u00e9venementiels, activit\u00e9 r\u00e9guli\u00e8re, soins, il y en a pour tous les go\u00fbts ![\/vc_column_text][\/vc_column][\/vc_row][vc_row full_width=\u00a0\u00bbstretch_row\u00a0\u00bb &hellip; NOTRE OFFRE Lire la suite\u00a0\u00bb","og_url":"https:\/\/yogaandco.fr\/site\/notre-offre\/","og_site_name":"Yoga &amp; co","article_modified_time":"2022-05-24T16:25:17+00:00","twitter_misc":{"Dur\u00e9e de lecture est.":"3 minutes"},"schema":{"@context":"https:\/\/schema.org","@graph":[{"@type":"WebSite","@id":"https:\/\/yogaandco.fr\/site\/#website","url":"https:\/\/yogaandco.fr\/site\/","name":"Yoga &amp; co","description":"Yoga pour tous","potentialAction":[{"@type":"SearchAction","target":{"@type":"EntryPoint","urlTemplate":"https:\/\/yogaandco.fr\/site\/?s={search_term_string}"},"query-input":"required name=search_term_string"}],"inLanguage":"fr-FR"},{"@type":"WebPage","@id":"https:\/\/yogaandco.fr\/site\/notre-offre\/#webpage","url":"https:\/\/yogaandco.fr\/site\/notre-offre\/","name":"NOTRE OFFRE - Yoga &amp; co","isPartOf":{"@id":"https:\/\/yogaandco.fr\/site\/#website"},"datePublished":"2021-06-12T18:55:12+00:00","dateModified":"2022-05-24T16:25:17+00:00","breadcrumb":{"@id":"https:\/\/yogaandco.fr\/site\/notre-offre\/#breadcrumb"},"inLanguage":"fr-FR","potentialAction":[{"@type":"ReadAction","target":["https:\/\/yogaandco.fr\/site\/notre-offre\/"]}]},{"@type":"BreadcrumbList","@id":"https:\/\/yogaandco.fr\/site\/notre-offre\/#breadcrumb","itemListElement":[{"@type":"ListItem","position":1,"name":"Accueil","item":"https:\/\/yogaandco.fr\/site\/"},{"@type":"ListItem","position":2,"name":"NOTRE OFFRE"}]}]}},"_links":{"self":[{"href":"https:\/\/yogaandco.fr\/site\/wp-json\/wp\/v2\/pages\/9403"}],"collection":[{"href":"https:\/\/yogaandco.fr\/site\/wp-json\/wp\/v2\/pages"}],"about":[{"href":"https:\/\/yogaandco.fr\/site\/wp-json\/wp\/v2\/types\/page"}],"author":[{"embeddable":true,"href":"https:\/\/yogaandco.fr\/site\/wp-json\/wp\/v2\/users\/2"}],"replies":[{"embeddable":true,"href":"https:\/\/yogaandco.fr\/site\/wp-json\/wp\/v2\/comments?post=9403"}],"version-history":[{"count":40,"href":"https:\/\/yogaandco.fr\/site\/wp-json\/wp\/v2\/pages\/9403\/revisions"}],"predecessor-version":[{"id":11138,"href":"https:\/\/yogaandco.fr\/site\/wp-json\/wp\/v2\/pages\/9403\/revisions\/11138"}],"wp:attachment":[{"href":"https:\/\/yogaandco.fr\/site\/wp-json\/wp\/v2\/media?parent=9403"}],"curies":[{"name":"wp","href":"https:\/\/api.w.org\/{rel}","templated":true}]}}