{"id":9411,"date":"2021-06-12T19:57:19","date_gmt":"2021-06-12T18:57:19","guid":{"rendered":"http:\/\/yogaandco.fr\/site\/1619974057036\/?page_id=9411"},"modified":"2022-07-27T10:04:33","modified_gmt":"2022-07-27T09:04:33","slug":"nos-ateliers","status":"publish","type":"page","link":"https:\/\/yogaandco.fr\/site\/nos-ateliers\/","title":{"rendered":"NOS ATELIERS"},"content":{"rendered":"<p>[vc_row css=\u00a0\u00bb.vc_custom_1624993665969{margin-bottom: 20px !important;padding-top: 30px !important;}\u00a0\u00bb][vc_column width=\u00a0\u00bb1\/2&Prime;][vc_column_text]<\/p>\n<h1 style=\"text-align: left;\">NOS ATELIERS<\/h1>\n<p>[\/vc_column_text][\/vc_column][vc_column width=\u00a0\u00bb1\/2&Prime;][vc_column_text]<\/p>\n<p style=\"text-align: left;\">R\u00e9guli\u00e8rement, nous mettons en place des ateliers \u00e9venementiels qui ont pour but de vous permettre d\u2019approfondir une discipline ou un th\u00e8me.<br \/>\nVous pourrez y poser des questions, vous confronter \u00e0 des postures ou des exercices nouveaux et ainsi \u00e9voluer dans votre pratique.<\/p>\n<p style=\"text-align: left;\">Certains ateliers sont r\u00e9currents, d&rsquo;autres n&rsquo;ont lieu que de fa\u00e7on exceptionnelle.<br \/>\nLes ateliers sont \u00e0 r\u00e9server directement sur le planning.[\/vc_column_text][vc_btn title=\u00a0\u00bbVOIR LE PLANNING\u00a0\u00bb style=\u00a0\u00bboutline-custom\u00a0\u00bb outline_custom_color=\u00a0\u00bb#666666&Prime; outline_custom_hover_background=\u00a0\u00bb#666666&Prime; outline_custom_hover_text=\u00a0\u00bb#ffffff\u00a0\u00bb shape=\u00a0\u00bbsquare\u00a0\u00bb size=\u00a0\u00bbsm\u00a0\u00bb align=\u00a0\u00bbleft\u00a0\u00bb link=\u00a0\u00bburl:https%3A%2F%2Fyogaandco.fr%2Fsite%2Fplanning%2F|title:PLANNING\u00a0\u00bb][\/vc_column][\/vc_row][vc_row full_width=\u00a0\u00bbstretch_row\u00a0\u00bb content_placement=\u00a0\u00bbmiddle\u00a0\u00bb css_animation=\u00a0\u00bbslideInUp\u00a0\u00bb css=\u00a0\u00bb.vc_custom_1625159055836{background-color: #e5f4ec !important;}\u00a0\u00bb][vc_column][vc_basic_grid post_type=\u00a0\u00bbpost\u00a0\u00bb max_items=\u00a0\u00bb12&Prime; style=\u00a0\u00bbload-more\u00a0\u00bb element_width=\u00a0\u00bb3&Prime; item=\u00a0\u00bb9528&Prime; btn_style=\u00a0\u00bbmodern\u00a0\u00bb btn_color=\u00a0\u00bbdefault\u00a0\u00bb btn_size=\u00a0\u00bbxs\u00a0\u00bb grid_id=\u00a0\u00bbvc_gid:1658912608451-18a4332bed706ae9621b9f69d160ffbe-6&Prime; taxonomies=\u00a0\u00bb84&Prime;][\/vc_column][\/vc_row]<\/p>\n","protected":false},"excerpt":{"rendered":"<p>[vc_row css=\u00a0\u00bb.vc_custom_1624993665969{margin-bottom: 20px !important;padding-top: 30px !important;}\u00a0\u00bb][vc_column width=\u00a0\u00bb1\/2&Prime;][vc_column_text] NOS ATELIERS [\/vc_column_text][\/vc_column][vc_column width=\u00a0\u00bb1\/2&Prime;][vc_column_text] R\u00e9guli\u00e8rement, nous mettons en place des ateliers \u00e9venementiels qui ont pour but de vous permettre d\u2019approfondir une discipline ou un th\u00e8me. Vous pourrez y poser des questions, vous confronter \u00e0 des postures ou des exercices nouveaux et ainsi \u00e9voluer dans votre pratique. Certains ateliers &hellip;<\/p>\n<p class=\"read-more\"> <a class=\"\" href=\"https:\/\/yogaandco.fr\/site\/nos-ateliers\/\"> <span class=\"screen-reader-text\">NOS ATELIERS<\/span> Lire la suite\u00a0\u00bb<\/a><\/p>\n","protected":false},"author":2,"featured_media":0,"parent":0,"menu_order":0,"comment_status":"closed","ping_status":"closed","template":"","meta":{"_monsterinsights_skip_tracking":false,"_monsterinsights_sitenote_active":false,"_monsterinsights_sitenote_note":"","_monsterinsights_sitenote_category":0,"footnotes":""},"class_list":["post-9411","page","type-page","status-publish","hentry"],"yoast_head":"<!-- This site is optimized with the Yoast SEO plugin v16.8 - https:\/\/yoast.com\/wordpress\/plugins\/seo\/ -->\n<title>NOS ATELIERS - Yoga &amp; co<\/title>\n<meta name=\"robots\" content=\"index, follow, max-snippet:-1, max-image-preview:large, max-video-preview:-1\" \/>\n<link rel=\"canonical\" href=\"https:\/\/yogaandco.fr\/site\/nos-ateliers\/\" \/>\n<meta property=\"og:locale\" content=\"fr_FR\" \/>\n<meta property=\"og:type\" content=\"article\" \/>\n<meta property=\"og:title\" content=\"NOS ATELIERS - Yoga &amp; co\" \/>\n<meta property=\"og:description\" content=\"[vc_row css=\u00a0\u00bb.vc_custom_1624993665969{margin-bottom: 20px !important;padding-top: 30px !important;}\u00a0\u00bb][vc_column width=\u00a0\u00bb1\/2&Prime;][vc_column_text] NOS ATELIERS [\/vc_column_text][\/vc_column][vc_column width=\u00a0\u00bb1\/2&Prime;][vc_column_text] R\u00e9guli\u00e8rement, nous mettons en place des ateliers \u00e9venementiels qui ont pour but de vous permettre d\u2019approfondir une discipline ou un th\u00e8me. Vous pourrez y poser des questions, vous confronter \u00e0 des postures ou des exercices nouveaux et ainsi \u00e9voluer dans votre pratique. Certains ateliers &hellip; NOS ATELIERS Lire la suite\u00a0\u00bb\" \/>\n<meta property=\"og:url\" content=\"https:\/\/yogaandco.fr\/site\/nos-ateliers\/\" \/>\n<meta property=\"og:site_name\" content=\"Yoga &amp; co\" \/>\n<meta property=\"article:modified_time\" content=\"2022-07-27T09:04:33+00:00\" \/>\n<meta name=\"twitter:label1\" content=\"Dur\u00e9e de lecture est.\" \/>\n\t<meta name=\"twitter:data1\" content=\"1 minute\" \/>\n<script type=\"application\/ld+json\" class=\"yoast-schema-graph\">{\"@context\":\"https:\/\/schema.org\",\"@graph\":[{\"@type\":\"WebSite\",\"@id\":\"https:\/\/yogaandco.fr\/site\/#website\",\"url\":\"https:\/\/yogaandco.fr\/site\/\",\"name\":\"Yoga &amp; co\",\"description\":\"Yoga pour tous\",\"potentialAction\":[{\"@type\":\"SearchAction\",\"target\":{\"@type\":\"EntryPoint\",\"urlTemplate\":\"https:\/\/yogaandco.fr\/site\/?s={search_term_string}\"},\"query-input\":\"required name=search_term_string\"}],\"inLanguage\":\"fr-FR\"},{\"@type\":\"WebPage\",\"@id\":\"https:\/\/yogaandco.fr\/site\/nos-ateliers\/#webpage\",\"url\":\"https:\/\/yogaandco.fr\/site\/nos-ateliers\/\",\"name\":\"NOS ATELIERS - Yoga &amp; co\",\"isPartOf\":{\"@id\":\"https:\/\/yogaandco.fr\/site\/#website\"},\"datePublished\":\"2021-06-12T18:57:19+00:00\",\"dateModified\":\"2022-07-27T09:04:33+00:00\",\"breadcrumb\":{\"@id\":\"https:\/\/yogaandco.fr\/site\/nos-ateliers\/#breadcrumb\"},\"inLanguage\":\"fr-FR\",\"potentialAction\":[{\"@type\":\"ReadAction\",\"target\":[\"https:\/\/yogaandco.fr\/site\/nos-ateliers\/\"]}]},{\"@type\":\"BreadcrumbList\",\"@id\":\"https:\/\/yogaandco.fr\/site\/nos-ateliers\/#breadcrumb\",\"itemListElement\":[{\"@type\":\"ListItem\",\"position\":1,\"name\":\"Accueil\",\"item\":\"https:\/\/yogaandco.fr\/site\/\"},{\"@type\":\"ListItem\",\"position\":2,\"name\":\"NOS ATELIERS\"}]}]}<\/script>\n<!-- \/ Yoast SEO plugin. -->","yoast_head_json":{"title":"NOS ATELIERS - Yoga &amp; co","robots":{"index":"index","follow":"follow","max-snippet":"max-snippet:-1","max-image-preview":"max-image-preview:large","max-video-preview":"max-video-preview:-1"},"canonical":"https:\/\/yogaandco.fr\/site\/nos-ateliers\/","og_locale":"fr_FR","og_type":"article","og_title":"NOS ATELIERS - Yoga &amp; co","og_description":"[vc_row css=\u00a0\u00bb.vc_custom_1624993665969{margin-bottom: 20px !important;padding-top: 30px !important;}\u00a0\u00bb][vc_column width=\u00a0\u00bb1\/2&Prime;][vc_column_text] NOS ATELIERS [\/vc_column_text][\/vc_column][vc_column width=\u00a0\u00bb1\/2&Prime;][vc_column_text] R\u00e9guli\u00e8rement, nous mettons en place des ateliers \u00e9venementiels qui ont pour but de vous permettre d\u2019approfondir une discipline ou un th\u00e8me. Vous pourrez y poser des questions, vous confronter \u00e0 des postures ou des exercices nouveaux et ainsi \u00e9voluer dans votre pratique. Certains ateliers &hellip; NOS ATELIERS Lire la suite\u00a0\u00bb","og_url":"https:\/\/yogaandco.fr\/site\/nos-ateliers\/","og_site_name":"Yoga &amp; co","article_modified_time":"2022-07-27T09:04:33+00:00","twitter_misc":{"Dur\u00e9e de lecture est.":"1 minute"},"schema":{"@context":"https:\/\/schema.org","@graph":[{"@type":"WebSite","@id":"https:\/\/yogaandco.fr\/site\/#website","url":"https:\/\/yogaandco.fr\/site\/","name":"Yoga &amp; co","description":"Yoga pour tous","potentialAction":[{"@type":"SearchAction","target":{"@type":"EntryPoint","urlTemplate":"https:\/\/yogaandco.fr\/site\/?s={search_term_string}"},"query-input":"required name=search_term_string"}],"inLanguage":"fr-FR"},{"@type":"WebPage","@id":"https:\/\/yogaandco.fr\/site\/nos-ateliers\/#webpage","url":"https:\/\/yogaandco.fr\/site\/nos-ateliers\/","name":"NOS ATELIERS - Yoga &amp; co","isPartOf":{"@id":"https:\/\/yogaandco.fr\/site\/#website"},"datePublished":"2021-06-12T18:57:19+00:00","dateModified":"2022-07-27T09:04:33+00:00","breadcrumb":{"@id":"https:\/\/yogaandco.fr\/site\/nos-ateliers\/#breadcrumb"},"inLanguage":"fr-FR","potentialAction":[{"@type":"ReadAction","target":["https:\/\/yogaandco.fr\/site\/nos-ateliers\/"]}]},{"@type":"BreadcrumbList","@id":"https:\/\/yogaandco.fr\/site\/nos-ateliers\/#breadcrumb","itemListElement":[{"@type":"ListItem","position":1,"name":"Accueil","item":"https:\/\/yogaandco.fr\/site\/"},{"@type":"ListItem","position":2,"name":"NOS ATELIERS"}]}]}},"_links":{"self":[{"href":"https:\/\/yogaandco.fr\/site\/wp-json\/wp\/v2\/pages\/9411"}],"collection":[{"href":"https:\/\/yogaandco.fr\/site\/wp-json\/wp\/v2\/pages"}],"about":[{"href":"https:\/\/yogaandco.fr\/site\/wp-json\/wp\/v2\/types\/page"}],"author":[{"embeddable":true,"href":"https:\/\/yogaandco.fr\/site\/wp-json\/wp\/v2\/users\/2"}],"replies":[{"embeddable":true,"href":"https:\/\/yogaandco.fr\/site\/wp-json\/wp\/v2\/comments?post=9411"}],"version-history":[{"count":26,"href":"https:\/\/yogaandco.fr\/site\/wp-json\/wp\/v2\/pages\/9411\/revisions"}],"predecessor-version":[{"id":11270,"href":"https:\/\/yogaandco.fr\/site\/wp-json\/wp\/v2\/pages\/9411\/revisions\/11270"}],"wp:attachment":[{"href":"https:\/\/yogaandco.fr\/site\/wp-json\/wp\/v2\/media?parent=9411"}],"curies":[{"name":"wp","href":"https:\/\/api.w.org\/{rel}","templated":true}]}}