{"id":9551,"date":"2021-06-16T10:07:50","date_gmt":"2021-06-16T09:07:50","guid":{"rendered":"http:\/\/yogaandco.fr\/site\/1619974057036\/?page_id=9551"},"modified":"2025-08-09T11:42:05","modified_gmt":"2025-08-09T10:42:05","slug":"nos-formations","status":"publish","type":"page","link":"https:\/\/yogaandco.fr\/site\/nos-formations\/","title":{"rendered":"NOS FORMATIONS"},"content":{"rendered":"<p>[vc_row equal_height=\u00a0\u00bbyes\u00a0\u00bb content_placement=\u00a0\u00bbmiddle\u00a0\u00bb css=\u00a0\u00bb.vc_custom_1623836272204{padding-top: 50px !important;padding-bottom: 50px !important;}\u00a0\u00bb][vc_column width=\u00a0\u00bb1\/2&Prime;][vc_column_text]<\/p>\n<h1>NOS FORMATIONS<\/h1>\n<p>[\/vc_column_text][vc_btn title=\u00a0\u00bbVOIR LE PLANNING\u00a0\u00bb style=\u00a0\u00bboutline-custom\u00a0\u00bb outline_custom_color=\u00a0\u00bb#2a504d\u00a0\u00bb outline_custom_hover_background=\u00a0\u00bb#2a504d\u00a0\u00bb outline_custom_hover_text=\u00a0\u00bb#ffffff\u00a0\u00bb shape=\u00a0\u00bbsquare\u00a0\u00bb size=\u00a0\u00bbsm\u00a0\u00bb link=\u00a0\u00bburl:http%3A%2F%2Fyogaandco.fr\/site%2F%3Fpage_id%3D10146|title:PLANNING\u00a0\u00bb][\/vc_column][vc_column width=\u00a0\u00bb1\/2&Prime;][vc_column_text]Chez Yoga &amp; Co, vous avez r\u00e9guli\u00e8rement la possibilit\u00e9 de participer \u00e0 des formations sur des th\u00e9matiques proches de nos apprentissages. Les d\u00e9tails de chaque formation (prix, horaires, niveau) sont disponibles en cliquant sur la formation qui vous int\u00e9resse.<\/p>\n<p>Les formations sont \u00e0 r\u00e9server directement sur le planning.<br \/>\nPour toute question, n&rsquo;h\u00e9sitez pas \u00e0 nous contacter.[\/vc_column_text][\/vc_column][\/vc_row][vc_row full_width=\u00a0\u00bbstretch_row\u00a0\u00bb css=\u00a0\u00bb.vc_custom_1623829607940{background-color: #e5f4ec !important;}\u00a0\u00bb][vc_column][vc_column_text]<\/p>\n<h2><strong>Nos prochaines formations<\/strong><\/h2>\n<p>[\/vc_column_text][vc_basic_grid post_type=\u00a0\u00bbpost\u00a0\u00bb max_items=\u00a0\u00bb4&Prime; style=\u00a0\u00bbload-more\u00a0\u00bb element_width=\u00a0\u00bb3&Prime; item=\u00a0\u00bb9528&Prime; btn_style=\u00a0\u00bbmodern\u00a0\u00bb btn_color=\u00a0\u00bbdefault\u00a0\u00bb btn_size=\u00a0\u00bbxs\u00a0\u00bb grid_id=\u00a0\u00bbvc_gid:1754736105570-3eb56782f3d7b2a53187be4e8342a426-5&Prime; taxonomies=\u00a0\u00bb85&Prime;][\/vc_column][\/vc_row][vc_row][\/vc_row][vc_column][\/vc_column]<\/p>\n","protected":false},"excerpt":{"rendered":"<p>[vc_row equal_height=\u00a0\u00bbyes\u00a0\u00bb content_placement=\u00a0\u00bbmiddle\u00a0\u00bb css=\u00a0\u00bb.vc_custom_1623836272204{padding-top: 50px !important;padding-bottom: 50px !important;}\u00a0\u00bb][vc_column width=\u00a0\u00bb1\/2&Prime;][vc_column_text] NOS FORMATIONS [\/vc_column_text][vc_btn title=\u00a0\u00bbVOIR LE PLANNING\u00a0\u00bb style=\u00a0\u00bboutline-custom\u00a0\u00bb outline_custom_color=\u00a0\u00bb#2a504d\u00a0\u00bb outline_custom_hover_background=\u00a0\u00bb#2a504d\u00a0\u00bb outline_custom_hover_text=\u00a0\u00bb#ffffff\u00a0\u00bb shape=\u00a0\u00bbsquare\u00a0\u00bb size=\u00a0\u00bbsm\u00a0\u00bb link=\u00a0\u00bburl:http%3A%2F%2Fyogaandco.fr\/site%2F%3Fpage_id%3D10146|title:PLANNING\u00a0\u00bb][\/vc_column][vc_column width=\u00a0\u00bb1\/2&Prime;][vc_column_text]Chez Yoga &amp; Co, vous avez r\u00e9guli\u00e8rement la possibilit\u00e9 de participer \u00e0 des formations sur des th\u00e9matiques proches de nos apprentissages. Les d\u00e9tails de chaque formation (prix, horaires, niveau) sont disponibles en cliquant &hellip;<\/p>\n<p class=\"read-more\"> <a class=\"\" href=\"https:\/\/yogaandco.fr\/site\/nos-formations\/\"> <span class=\"screen-reader-text\">NOS FORMATIONS<\/span> Lire la suite\u00a0\u00bb<\/a><\/p>\n","protected":false},"author":2,"featured_media":0,"parent":0,"menu_order":0,"comment_status":"closed","ping_status":"closed","template":"","meta":{"_monsterinsights_skip_tracking":false,"_monsterinsights_sitenote_active":false,"_monsterinsights_sitenote_note":"","_monsterinsights_sitenote_category":0,"footnotes":""},"class_list":["post-9551","page","type-page","status-publish","hentry"],"yoast_head":"<!-- This site is optimized with the Yoast SEO plugin v16.8 - https:\/\/yoast.com\/wordpress\/plugins\/seo\/ -->\n<title>NOS FORMATIONS - Yoga &amp; co<\/title>\n<meta name=\"robots\" content=\"index, follow, max-snippet:-1, max-image-preview:large, max-video-preview:-1\" \/>\n<link rel=\"canonical\" href=\"https:\/\/yogaandco.fr\/site\/nos-formations\/\" \/>\n<meta property=\"og:locale\" content=\"fr_FR\" \/>\n<meta property=\"og:type\" content=\"article\" \/>\n<meta property=\"og:title\" content=\"NOS FORMATIONS - Yoga &amp; co\" \/>\n<meta property=\"og:description\" content=\"[vc_row equal_height=\u00a0\u00bbyes\u00a0\u00bb content_placement=\u00a0\u00bbmiddle\u00a0\u00bb css=\u00a0\u00bb.vc_custom_1623836272204{padding-top: 50px !important;padding-bottom: 50px !important;}\u00a0\u00bb][vc_column width=\u00a0\u00bb1\/2&Prime;][vc_column_text] NOS FORMATIONS [\/vc_column_text][vc_btn title=\u00a0\u00bbVOIR LE PLANNING\u00a0\u00bb style=\u00a0\u00bboutline-custom\u00a0\u00bb outline_custom_color=\u00a0\u00bb#2a504d\u00a0\u00bb outline_custom_hover_background=\u00a0\u00bb#2a504d\u00a0\u00bb outline_custom_hover_text=\u00a0\u00bb#ffffff\u00a0\u00bb shape=\u00a0\u00bbsquare\u00a0\u00bb size=\u00a0\u00bbsm\u00a0\u00bb link=\u00a0\u00bburl:http%3A%2F%2Fyogaandco.fr\/site%2F%3Fpage_id%3D10146|title:PLANNING\u00a0\u00bb][\/vc_column][vc_column width=\u00a0\u00bb1\/2&Prime;][vc_column_text]Chez Yoga &amp; Co, vous avez r\u00e9guli\u00e8rement la possibilit\u00e9 de participer \u00e0 des formations sur des th\u00e9matiques proches de nos apprentissages. Les d\u00e9tails de chaque formation (prix, horaires, niveau) sont disponibles en cliquant &hellip; NOS FORMATIONS Lire la suite\u00a0\u00bb\" \/>\n<meta property=\"og:url\" content=\"https:\/\/yogaandco.fr\/site\/nos-formations\/\" \/>\n<meta property=\"og:site_name\" content=\"Yoga &amp; co\" \/>\n<meta property=\"article:modified_time\" content=\"2025-08-09T10:42:05+00:00\" \/>\n<meta name=\"twitter:label1\" content=\"Dur\u00e9e de lecture est.\" \/>\n\t<meta name=\"twitter:data1\" content=\"1 minute\" \/>\n<script type=\"application\/ld+json\" class=\"yoast-schema-graph\">{\"@context\":\"https:\/\/schema.org\",\"@graph\":[{\"@type\":\"WebSite\",\"@id\":\"https:\/\/yogaandco.fr\/site\/#website\",\"url\":\"https:\/\/yogaandco.fr\/site\/\",\"name\":\"Yoga &amp; co\",\"description\":\"Yoga pour tous\",\"potentialAction\":[{\"@type\":\"SearchAction\",\"target\":{\"@type\":\"EntryPoint\",\"urlTemplate\":\"https:\/\/yogaandco.fr\/site\/?s={search_term_string}\"},\"query-input\":\"required name=search_term_string\"}],\"inLanguage\":\"fr-FR\"},{\"@type\":\"WebPage\",\"@id\":\"https:\/\/yogaandco.fr\/site\/nos-formations\/#webpage\",\"url\":\"https:\/\/yogaandco.fr\/site\/nos-formations\/\",\"name\":\"NOS FORMATIONS - Yoga &amp; co\",\"isPartOf\":{\"@id\":\"https:\/\/yogaandco.fr\/site\/#website\"},\"datePublished\":\"2021-06-16T09:07:50+00:00\",\"dateModified\":\"2025-08-09T10:42:05+00:00\",\"breadcrumb\":{\"@id\":\"https:\/\/yogaandco.fr\/site\/nos-formations\/#breadcrumb\"},\"inLanguage\":\"fr-FR\",\"potentialAction\":[{\"@type\":\"ReadAction\",\"target\":[\"https:\/\/yogaandco.fr\/site\/nos-formations\/\"]}]},{\"@type\":\"BreadcrumbList\",\"@id\":\"https:\/\/yogaandco.fr\/site\/nos-formations\/#breadcrumb\",\"itemListElement\":[{\"@type\":\"ListItem\",\"position\":1,\"name\":\"Accueil\",\"item\":\"https:\/\/yogaandco.fr\/site\/\"},{\"@type\":\"ListItem\",\"position\":2,\"name\":\"NOS FORMATIONS\"}]}]}<\/script>\n<!-- \/ Yoast SEO plugin. -->","yoast_head_json":{"title":"NOS FORMATIONS - Yoga &amp; co","robots":{"index":"index","follow":"follow","max-snippet":"max-snippet:-1","max-image-preview":"max-image-preview:large","max-video-preview":"max-video-preview:-1"},"canonical":"https:\/\/yogaandco.fr\/site\/nos-formations\/","og_locale":"fr_FR","og_type":"article","og_title":"NOS FORMATIONS - Yoga &amp; co","og_description":"[vc_row equal_height=\u00a0\u00bbyes\u00a0\u00bb content_placement=\u00a0\u00bbmiddle\u00a0\u00bb css=\u00a0\u00bb.vc_custom_1623836272204{padding-top: 50px !important;padding-bottom: 50px !important;}\u00a0\u00bb][vc_column width=\u00a0\u00bb1\/2&Prime;][vc_column_text] NOS FORMATIONS [\/vc_column_text][vc_btn title=\u00a0\u00bbVOIR LE PLANNING\u00a0\u00bb style=\u00a0\u00bboutline-custom\u00a0\u00bb outline_custom_color=\u00a0\u00bb#2a504d\u00a0\u00bb outline_custom_hover_background=\u00a0\u00bb#2a504d\u00a0\u00bb outline_custom_hover_text=\u00a0\u00bb#ffffff\u00a0\u00bb shape=\u00a0\u00bbsquare\u00a0\u00bb size=\u00a0\u00bbsm\u00a0\u00bb link=\u00a0\u00bburl:http%3A%2F%2Fyogaandco.fr\/site%2F%3Fpage_id%3D10146|title:PLANNING\u00a0\u00bb][\/vc_column][vc_column width=\u00a0\u00bb1\/2&Prime;][vc_column_text]Chez Yoga &amp; Co, vous avez r\u00e9guli\u00e8rement la possibilit\u00e9 de participer \u00e0 des formations sur des th\u00e9matiques proches de nos apprentissages. Les d\u00e9tails de chaque formation (prix, horaires, niveau) sont disponibles en cliquant &hellip; NOS FORMATIONS Lire la suite\u00a0\u00bb","og_url":"https:\/\/yogaandco.fr\/site\/nos-formations\/","og_site_name":"Yoga &amp; co","article_modified_time":"2025-08-09T10:42:05+00:00","twitter_misc":{"Dur\u00e9e de lecture est.":"1 minute"},"schema":{"@context":"https:\/\/schema.org","@graph":[{"@type":"WebSite","@id":"https:\/\/yogaandco.fr\/site\/#website","url":"https:\/\/yogaandco.fr\/site\/","name":"Yoga &amp; co","description":"Yoga pour tous","potentialAction":[{"@type":"SearchAction","target":{"@type":"EntryPoint","urlTemplate":"https:\/\/yogaandco.fr\/site\/?s={search_term_string}"},"query-input":"required name=search_term_string"}],"inLanguage":"fr-FR"},{"@type":"WebPage","@id":"https:\/\/yogaandco.fr\/site\/nos-formations\/#webpage","url":"https:\/\/yogaandco.fr\/site\/nos-formations\/","name":"NOS FORMATIONS - Yoga &amp; co","isPartOf":{"@id":"https:\/\/yogaandco.fr\/site\/#website"},"datePublished":"2021-06-16T09:07:50+00:00","dateModified":"2025-08-09T10:42:05+00:00","breadcrumb":{"@id":"https:\/\/yogaandco.fr\/site\/nos-formations\/#breadcrumb"},"inLanguage":"fr-FR","potentialAction":[{"@type":"ReadAction","target":["https:\/\/yogaandco.fr\/site\/nos-formations\/"]}]},{"@type":"BreadcrumbList","@id":"https:\/\/yogaandco.fr\/site\/nos-formations\/#breadcrumb","itemListElement":[{"@type":"ListItem","position":1,"name":"Accueil","item":"https:\/\/yogaandco.fr\/site\/"},{"@type":"ListItem","position":2,"name":"NOS FORMATIONS"}]}]}},"_links":{"self":[{"href":"https:\/\/yogaandco.fr\/site\/wp-json\/wp\/v2\/pages\/9551"}],"collection":[{"href":"https:\/\/yogaandco.fr\/site\/wp-json\/wp\/v2\/pages"}],"about":[{"href":"https:\/\/yogaandco.fr\/site\/wp-json\/wp\/v2\/types\/page"}],"author":[{"embeddable":true,"href":"https:\/\/yogaandco.fr\/site\/wp-json\/wp\/v2\/users\/2"}],"replies":[{"embeddable":true,"href":"https:\/\/yogaandco.fr\/site\/wp-json\/wp\/v2\/comments?post=9551"}],"version-history":[{"count":13,"href":"https:\/\/yogaandco.fr\/site\/wp-json\/wp\/v2\/pages\/9551\/revisions"}],"predecessor-version":[{"id":13215,"href":"https:\/\/yogaandco.fr\/site\/wp-json\/wp\/v2\/pages\/9551\/revisions\/13215"}],"wp:attachment":[{"href":"https:\/\/yogaandco.fr\/site\/wp-json\/wp\/v2\/media?parent=9551"}],"curies":[{"name":"wp","href":"https:\/\/api.w.org\/{rel}","templated":true}]}}